{"id":67,"date":"2024-08-02T05:46:11","date_gmt":"2024-08-02T03:46:11","guid":{"rendered":"http:\/\/pctp.org.uy\/web\/?page_id=67"},"modified":"2026-03-17T10:55:18","modified_gmt":"2026-03-17T13:55:18","slug":"directorio","status":"publish","type":"page","link":"https:\/\/pctp.org.uy\/pt\/sobre\/directorio\/","title":{"rendered":"Directorio"},"content":{"rendered":"<div class=\"wpb-content-wrapper\"><div data-parent=\"true\" class=\"vc_row row_block block_texto_simple row-container\" id=\"row-unique-0\"><div class=\"row limit-width row-parent\" data-minheight=\"300\"><div class=\"wpb_row row-inner\"><div class=\"wpb_column pos-middle pos-center align_left column_parent col-lg-12 single-internal-gutter\"><div class=\"uncol style-light\"  ><div class=\"uncoltable\"><div class=\"uncell\" ><div class=\"uncont no-block-padding col-custom-width\" style=\" max-width:75%;\" ><div class=\"uncode_text_column text-color-wvjs-color\" >Nuestro directorio est\u00e1 compuesto por actores clave que potencian la misi\u00f3n del Parque Cient\u00edfico y Tecnol\u00f3gico de Pando. Contamos con potentes alianzas que incluyen universidades, institutos de investigaci\u00f3n, organismos gubernamentales y empresas privadas, que trabajan en conjunto para generar un impacto positivo en el ecosistema de desarrollo cient\u00edfico y tecnol\u00f3gico. \r\n\r\nGracias a estas sinergias, el Parque Cient\u00edfico se posiciona como un nodo estrat\u00e9gico de innovaci\u00f3n en la regi\u00f3n.\n<\/div><\/div><\/div><\/div><\/div><\/div><script id=\"script-row-unique-0\" data-row=\"script-row-unique-0\" type=\"text\/javascript\" class=\"vc_controls\">UNCODE.initRow(document.getElementById(\"row-unique-0\"));<\/script><\/div><\/div><\/div><div data-parent=\"true\" class=\"vc_row row-container\" id=\"row-unique-1\"><div class=\"row no-top-padding no-bottom-padding no-h-padding full-width row-parent\"><div class=\"wpb_row row-inner\"><div class=\"wpb_column pos-top pos-center align_left column_parent col-lg-12 single-internal-gutter\"><div class=\"uncol style-light\"  ><div class=\"uncoltable\"><div class=\"uncell no-block-padding\" ><div class=\"uncont\" >\n\t<div class=\"wpb_raw_code wpb_raw_html\" >\n\t\t<div class=\"wpb_wrapper\">\n\t\t\t<div data-parent=\"true\" class=\"vc_row row_block style-color-gris1-bg row-container\" id=\"row-unique-2\"><div class=\"row unequal col-no-gutter no-top-padding no-bottom-padding no-h-padding full-width row-parent\" data-minheight=\"330\"><div class=\"wpb_row row-inner\"><div class=\"wpb_column pos-middle pos-center align_left column_parent col-lg-9 half-internal-gutter\"><div class=\"uncol style-dark\"  ><div class=\"uncoltable\"><div class=\"uncell single-block-padding\" ><div class=\"uncont\" style=\" max-width:75%;\" ><div class=\"vc_custom_heading_wrap typewriter\"><div class=\"heading-text el-text\" ><h2 class=\"h1 font-weight-400\" ><span>FACULDADE DE QU\u00cdMICA (UDELAR)<\/span><\/h2><\/div><div class=\"clear\"><\/div><\/div><div class=\"uncode_text_column text-lead\" ><p>Institui\u00e7\u00e3o de refer\u00eancia em ensino, pesquisa e extens\u00e3o na \u00e1rea de ci\u00eancias qu\u00edmicas e farmac\u00eauticas no Uruguai. Com foco na excel\u00eancia acad\u00eamica e na gera\u00e7\u00e3o de conhecimento, forma profissionais altamente qualificados e colabora ativamente com ind\u00fastrias, institui\u00e7\u00f5es p\u00fablicas e privadas, contribuindo para o desenvolvimento cient\u00edfico e tecnol\u00f3gico do pa\u00eds.<\/p>\n<\/div>\n\t<div class=\"wpb_raw_code wpb_raw_html\" >\n\t\t<div class=\"wpb_wrapper\">\n\t\t\t<div class=\"arrow\"><div class=\"arrow_head\"><\/div><\/div>\n\n\t\t<\/div>\n\t<\/div>\n<\/div><\/div><\/div><\/div><a class=\"col-link custom-link\" href=\"https:\/\/www.fq.edu.uy\/\" target=\"_self\" title=\"VEJA MAIS\" rel=\"noopener\"><\/a><\/div><div class=\"wpb_column pos-top pos-center align_left column_parent col-lg-3 no-internal-gutter\"><div class=\"uncol style-light\"  ><div class=\"uncoltable\"><div class=\"uncell no-block-padding\" ><div class=\"uncont\" ><div class=\"uncode-single-media foto_recuadro text-center\"><div class=\"single-wrapper\" style=\"max-width: 100%;\"><div class=\"uncode-single-media-wrapper single-advanced\"><div class=\"tmb tmb-light tmb-overlay-text-anim tmb-overlay-text-left tmb-image-anim  tmb-img-ratio tmb-media-first tmb-media-last tmb-content-overlay tmb-no-bg\" ><div class=\"t-inside\" ><div class=\"t-entry-visual\"><div class=\"t-entry-visual-tc\"><div class=\"t-entry-visual-cont\"><div class=\"dummy\" style=\"padding-top: 100%;\"><\/div><a tabindex=\"-1\" href=\"#\" class=\"inactive-link pushed\"><div class=\"t-entry-visual-overlay\"><div class=\"t-entry-visual-overlay-in color-nhtu style-color-nhtu-bg\" style=\"opacity: 0.5;\"><\/div><\/div><img decoding=\"async\" class=\"wp-image-1449\" src=\"https:\/\/pctp.org.uy\/web\/wp-content\/uploads\/2024\/12\/7-uai-738x738.jpg\" width=\"738\" height=\"738\" alt=\"\" \/><\/a><\/div>\n\t\t\t\t\t<\/div>\n\t\t\t\t<\/div><\/div><\/div><\/div><\/div><\/div><\/div><\/div><\/div><\/div><\/div><script id=\"script-row-unique-2\" data-row=\"script-row-unique-2\" type=\"text\/javascript\" class=\"vc_controls\">UNCODE.initRow(document.getElementById(\"row-unique-2\"));<\/script><\/div><\/div><\/div><div data-parent=\"true\" class=\"vc_row row_block style-color-gris2-bg row-container\" id=\"row-unique-3\"><div class=\"row unequal col-no-gutter no-top-padding no-bottom-padding no-h-padding full-width row-parent\" data-minheight=\"330\"><div class=\"wpb_row row-inner\"><div class=\"wpb_column pos-middle pos-center align_left column_parent col-lg-9 half-internal-gutter\"><div class=\"uncol style-dark\"  ><div class=\"uncoltable\"><div class=\"uncell single-block-padding\" ><div class=\"uncont\" style=\" max-width:75%;\" ><div class=\"vc_custom_heading_wrap typewriter\"><div class=\"heading-text el-text\" ><h2 class=\"h1 font-weight-400\" ><span>MINIST\u00c9RIO DA IND\u00daSTRIA, ENERGIA E MINERA\u00c7\u00c3O<\/span><\/h2><\/div><div class=\"clear\"><\/div><\/div><div class=\"uncode_text_column text-lead\" ><p>Entidade fundamental para a promo\u00e7\u00e3o do desenvolvimento industrial, energ\u00e9tico e tecnol\u00f3gico no Uruguai. Por meio da promo\u00e7\u00e3o de pol\u00edticas p\u00fablicas, fomenta a inova\u00e7\u00e3o, o crescimento empresarial e o uso eficiente dos recursos energ\u00e9ticos. Seu compromisso com a sustentabilidade e o fortalecimento do tecido produtivo contribui para gerar um ambiente favor\u00e1vel ao progresso econ\u00f4mico e social do pa\u00eds.<\/p>\n<\/div>\n\t<div class=\"wpb_raw_code wpb_raw_html\" >\n\t\t<div class=\"wpb_wrapper\">\n\t\t\t<div class=\"arrow\"><div class=\"arrow_head\"><\/div><\/div>\n\n\t\t<\/div>\n\t<\/div>\n<\/div><\/div><\/div><\/div><a class=\"col-link custom-link\" href=\"https:\/\/www.gub.uy\/ministerio-industria-energia-mineria\/\" target=\"_self\" title=\"VEJA MAIS\" rel=\"noopener\"><\/a><\/div><div class=\"wpb_column pos-top pos-center align_left column_parent col-lg-3 no-internal-gutter\"><div class=\"uncol style-light\"  ><div class=\"uncoltable\"><div class=\"uncell no-block-padding\" ><div class=\"uncont\" ><div class=\"uncode-single-media foto_recuadro text-center\"><div class=\"single-wrapper\" style=\"max-width: 100%;\"><div class=\"uncode-single-media-wrapper single-advanced\"><div class=\"tmb tmb-light tmb-overlay-text-anim tmb-overlay-text-left tmb-image-anim  tmb-img-ratio tmb-media-first tmb-media-last tmb-content-overlay tmb-no-bg\" ><div class=\"t-inside\" ><div class=\"t-entry-visual\"><div class=\"t-entry-visual-tc\"><div class=\"t-entry-visual-cont\"><div class=\"dummy\" style=\"padding-top: 100%;\"><\/div><a tabindex=\"-1\" href=\"#\" class=\"inactive-link pushed\"><div class=\"t-entry-visual-overlay\"><div class=\"t-entry-visual-overlay-in color-nhtu style-color-nhtu-bg\" style=\"opacity: 0.5;\"><\/div><\/div><img decoding=\"async\" class=\"wp-image-1899\" src=\"https:\/\/pctp.org.uy\/web\/wp-content\/uploads\/2025\/02\/MIEM-IMAGEN-e1740494040549-uai-1160x1160.jpg\" width=\"1160\" height=\"1160\" alt=\"\" \/><\/a><\/div>\n\t\t\t\t\t<\/div>\n\t\t\t\t<\/div><\/div><\/div><\/div><\/div><\/div><\/div><\/div><\/div><\/div><\/div><script id=\"script-row-unique-3\" data-row=\"script-row-unique-3\" type=\"text\/javascript\" class=\"vc_controls\">UNCODE.initRow(document.getElementById(\"row-unique-3\"));<\/script><\/div><\/div><\/div><div data-parent=\"true\" class=\"vc_row row_block style-color-gris3-bg row-container\" id=\"row-unique-4\"><div class=\"row unequal col-no-gutter no-top-padding no-bottom-padding no-h-padding full-width row-parent\" data-minheight=\"330\"><div class=\"wpb_row row-inner\"><div class=\"wpb_column pos-middle pos-center align_left column_parent col-lg-9 half-internal-gutter\"><div class=\"uncol style-light\"  ><div class=\"uncoltable\"><div class=\"uncell single-block-padding\" ><div class=\"uncont\" style=\" max-width:75%;\" ><div class=\"vc_custom_heading_wrap typewriter\"><div class=\"heading-text el-text\" ><h2 class=\"h1 font-weight-400\" ><span>GOVERNO DE CANELONES<\/span><\/h2><\/div><div class=\"clear\"><\/div><\/div><div class=\"uncode_text_column text-lead\" ><p>O principal pilar do desenvolvimento econ\u00f4mico, social e produtivo do departamento. Por meio de pol\u00edticas p\u00fablicas abrangentes, trabalha para fomentar a sustentabilidade, a inova\u00e7\u00e3o e o bem-estar das pessoas, promovendo a integra\u00e7\u00e3o de atores p\u00fablicos e privados.<\/p>\n<\/div>\n\t<div class=\"wpb_raw_code wpb_raw_html\" >\n\t\t<div class=\"wpb_wrapper\">\n\t\t\t<div class=\"arrow\"><div class=\"arrow_head\"><\/div><\/div>\n\n\t\t<\/div>\n\t<\/div>\n<\/div><\/div><\/div><\/div><a class=\"col-link custom-link\" href=\"https:\/\/imcanelones.gub.uy\/es\" target=\"_self\" title=\"VEJA MAIS\" rel=\"noopener\"><\/a><\/div><div class=\"wpb_column pos-top pos-center align_left column_parent col-lg-3 no-internal-gutter\"><div class=\"uncol style-light\"  ><div class=\"uncoltable\"><div class=\"uncell no-block-padding\" ><div class=\"uncont\" ><div class=\"uncode-single-media foto_recuadro text-center\"><div class=\"single-wrapper\" style=\"max-width: 100%;\"><div class=\"uncode-single-media-wrapper single-advanced\"><div class=\"tmb tmb-light tmb-overlay-text-anim tmb-overlay-text-left tmb-image-anim  tmb-img-ratio tmb-media-first tmb-media-last tmb-content-overlay tmb-no-bg\" ><div class=\"t-inside\" ><div class=\"t-entry-visual\"><div class=\"t-entry-visual-tc\"><div class=\"t-entry-visual-cont\"><div class=\"dummy\" style=\"padding-top: 100%;\"><\/div><a tabindex=\"-1\" href=\"#\" class=\"inactive-link pushed\"><div class=\"t-entry-visual-overlay\"><div class=\"t-entry-visual-overlay-in color-nhtu style-color-nhtu-bg\" style=\"opacity: 0.5;\"><\/div><\/div><img decoding=\"async\" class=\"wp-image-1900\" src=\"https:\/\/pctp.org.uy\/web\/wp-content\/uploads\/2025\/02\/IC-IMAGEN-uai-1183x1183.jpeg\" width=\"1183\" height=\"1183\" alt=\"\" \/><\/a><\/div>\n\t\t\t\t\t<\/div>\n\t\t\t\t<\/div><\/div><\/div><\/div><\/div><\/div><\/div><\/div><\/div><\/div><\/div><script id=\"script-row-unique-4\" data-row=\"script-row-unique-4\" type=\"text\/javascript\" class=\"vc_controls\">UNCODE.initRow(document.getElementById(\"row-unique-4\"));<\/script><\/div><\/div><\/div><div data-parent=\"true\" class=\"vc_row row_block style-color-gris1-bg row-container\" id=\"row-unique-5\"><div class=\"row unequal col-no-gutter no-top-padding no-bottom-padding no-h-padding full-width row-parent\" data-minheight=\"330\"><div class=\"wpb_row row-inner\"><div class=\"wpb_column pos-middle pos-center align_left column_parent col-lg-9 half-internal-gutter\"><div class=\"uncol style-dark\"  ><div class=\"uncoltable\"><div class=\"uncell single-block-padding\" ><div class=\"uncont\" style=\" max-width:75%;\" ><div class=\"vc_custom_heading_wrap typewriter\"><div class=\"heading-text el-text\" ><h2 class=\"h1 font-weight-400\" ><span>C\u00c2MARA DE IND\u00daSTRIAS DO URUGUAI<\/span><\/h2><\/div><div class=\"clear\"><\/div><\/div><div class=\"uncode_text_column text-lead\" ><p>Uma refer\u00eancia que representa e apoia o setor industrial do pa\u00eds. Com mais de um s\u00e9culo de experi\u00eancia, trabalha para promover o desenvolvimento produtivo, a competitividade e a inova\u00e7\u00e3o, fortalecendo o v\u00ednculo entre as ind\u00fastrias e outros setores estrat\u00e9gicos. Seu compromisso com a melhoria cont\u00ednua e o crescimento sustent\u00e1vel a torna uma aliada fundamental para projetos de inova\u00e7\u00e3o e desenvolvimento tecnol\u00f3gico.<\/p>\n<\/div>\n\t<div class=\"wpb_raw_code wpb_raw_html\" >\n\t\t<div class=\"wpb_wrapper\">\n\t\t\t<div class=\"arrow\"><div class=\"arrow_head\"><\/div><\/div>\n\n\t\t<\/div>\n\t<\/div>\n<\/div><\/div><\/div><\/div><a class=\"col-link custom-link\" href=\"https:\/\/www.ciu.com.uy\/\" target=\"_self\" title=\"VEJA MAIS\" rel=\"noopener\"><\/a><\/div><div class=\"wpb_column pos-top pos-center align_left column_parent col-lg-3 no-internal-gutter\"><div class=\"uncol style-light\"  ><div class=\"uncoltable\"><div class=\"uncell no-block-padding\" ><div class=\"uncont\" ><div class=\"uncode-single-media foto_recuadro text-center\"><div class=\"single-wrapper\" style=\"max-width: 100%;\"><div class=\"uncode-single-media-wrapper single-advanced\"><div class=\"tmb tmb-light tmb-overlay-text-anim tmb-overlay-text-left tmb-image-anim  tmb-img-ratio tmb-media-first tmb-media-last tmb-content-overlay tmb-no-bg\" ><div class=\"t-inside\" ><div class=\"t-entry-visual\"><div class=\"t-entry-visual-tc\"><div class=\"t-entry-visual-cont\"><div class=\"dummy\" style=\"padding-top: 100%;\"><\/div><a tabindex=\"-1\" href=\"#\" class=\"inactive-link pushed\"><div class=\"t-entry-visual-overlay\"><div class=\"t-entry-visual-overlay-in color-nhtu style-color-nhtu-bg\" style=\"opacity: 0.5;\"><\/div><\/div><img decoding=\"async\" class=\"wp-image-1453\" src=\"https:\/\/pctp.org.uy\/web\/wp-content\/uploads\/2024\/12\/2-uai-1000x1000.jpg\" width=\"1000\" height=\"1000\" alt=\"\" \/><\/a><\/div>\n\t\t\t\t\t<\/div>\n\t\t\t\t<\/div><\/div><\/div><\/div><\/div><\/div><\/div><\/div><\/div><\/div><\/div><script id=\"script-row-unique-5\" data-row=\"script-row-unique-5\" type=\"text\/javascript\" class=\"vc_controls\">UNCODE.initRow(document.getElementById(\"row-unique-5\"));<\/script><\/div><\/div><\/div>\n\t\t<\/div>\n\t<\/div>\n<\/div><\/div><\/div><\/div><\/div><script id=\"script-row-unique-1\" data-row=\"script-row-unique-1\" type=\"text\/javascript\" class=\"vc_controls\">UNCODE.initRow(document.getElementById(\"row-unique-1\"));<\/script><\/div><\/div><\/div><div data-parent=\"true\" class=\"vc_row content_seccion row-container\" id=\"row-unique-6\"><div class=\"row double-top-padding single-bottom-padding single-h-padding limit-width row-parent\"><div class=\"wpb_row row-inner\"><div class=\"wpb_column pos-top pos-center align_left column_parent col-lg-12 single-internal-gutter\"><div class=\"uncol style-light\"  ><div class=\"uncoltable\"><div class=\"uncell\" ><div class=\"uncont no-block-padding col-custom-width\" style=\" max-width:75%;\" ><div class=\"vc_custom_heading_wrap\"><div class=\"heading-text el-text\" ><h2 class=\"h2\" ><span>Articula\u00e7\u00e3o com o ecossistema de inova\u00e7\u00e3o da regi\u00e3o<\/span><\/h2><\/div><div class=\"clear\"><\/div><\/div><\/div><\/div><\/div><\/div><\/div><script id=\"script-row-unique-6\" data-row=\"script-row-unique-6\" type=\"text\/javascript\" class=\"vc_controls\">UNCODE.initRow(document.getElementById(\"row-unique-6\"));<\/script><\/div><\/div><\/div><div data-parent=\"true\" class=\"vc_row inverted-device-order row-container desktop-hidden tablet-hidden mobile-hidden\" id=\"row-unique-7\"><div class=\"row no-top-padding single-bottom-padding one-h-padding limit-width row-parent\"><div class=\"wpb_row auto-height-device row-inner\"><div class=\"wpb_column pos-top pos-center align_center column_parent col-lg-12 single-internal-gutter\"><div class=\"uncol style-light\"  ><div class=\"uncoltable\"><div class=\"uncell no-block-padding\" ><div class=\"uncont\" ><div class=\"uncode-single-media logos_socios text-left\"><div class=\"single-wrapper\" style=\"max-width: 100%;\"><a class=\"single-media-link\" href=\"https:\/\/www.polotecnologico.fq.edu.uy\/\" target=\"_blank\" rel=\"noopener\"><div class=\"tmb tmb-light  tmb-media-first tmb-media-last tmb-content-overlay tmb-no-bg\"><div class=\"t-inside\"><div class=\"t-entry-visual\"><div class=\"t-entry-visual-tc\"><div class=\"uncode-single-media-wrapper\"><div class=\"fluid-svg\"><span id=\"icon-134031\" style=\"width:px\" class=\"icon-media\"><img decoding=\"async\" src=\"https:\/\/pctp.org.uy\/web\/wp-content\/uploads\/2024\/12\/polo-logo_.svg\" alt=\"\"><\/span><\/div><\/div>\n\t\t\t\t\t<\/div>\n\t\t\t\t<\/div><\/div><\/div><\/a><\/div><\/div><div class=\"uncode-single-media logos_socios text-left\"><div class=\"single-wrapper\" style=\"max-width: 100%;\"><a class=\"single-media-link\" href=\"https:\/\/www.inia.uy\/\" target=\"_blank\" rel=\"noopener\"><div class=\"tmb tmb-light  tmb-media-first tmb-media-last tmb-content-overlay tmb-no-bg\"><div class=\"t-inside\"><div class=\"t-entry-visual\"><div class=\"t-entry-visual-tc\"><div class=\"uncode-single-media-wrapper\"><div class=\"fluid-svg\"><span id=\"icon-555709\" style=\"width:300px\" class=\"icon-media\"><img decoding=\"async\" src=\"https:\/\/pctp.org.uy\/web\/wp-content\/uploads\/2024\/10\/inia-logo.svg\" alt=\"\"><\/span><\/div><\/div>\n\t\t\t\t\t<\/div>\n\t\t\t\t<\/div><\/div><\/div><\/a><\/div><\/div><div class=\"uncode-single-media logos_socios text-left\"><div class=\"single-wrapper\" style=\"max-width: 100%;\"><a class=\"single-media-link\" href=\"https:\/\/www.latu.org.uy\/\" target=\"_blank\" rel=\"noopener\"><div class=\"tmb tmb-light  tmb-media-first tmb-media-last tmb-content-overlay tmb-no-bg\"><div class=\"t-inside\"><div class=\"t-entry-visual\"><div class=\"t-entry-visual-tc\"><div class=\"uncode-single-media-wrapper\"><div class=\"fluid-svg\"><span id=\"icon-204350\" style=\"width:300px\" class=\"icon-media\"><img decoding=\"async\" src=\"https:\/\/pctp.org.uy\/web\/wp-content\/uploads\/2024\/10\/latu-logo.svg\" alt=\"\"><\/span><\/div><\/div>\n\t\t\t\t\t<\/div>\n\t\t\t\t<\/div><\/div><\/div><\/a><\/div><\/div><div class=\"uncode-single-media logos_socios text-left\"><div class=\"single-wrapper\" style=\"max-width: 100%;\"><a class=\"single-media-link\" href=\"https:\/\/www.anii.org.uy\/\" target=\"_blank\" rel=\"noopener\"><div class=\"tmb tmb-light  tmb-media-first tmb-media-last tmb-content-overlay tmb-no-bg\"><div class=\"t-inside\"><div class=\"t-entry-visual\"><div class=\"t-entry-visual-tc\"><div class=\"uncode-single-media-wrapper\"><div class=\"fluid-svg\"><span id=\"icon-164045\" style=\"width:300px\" class=\"icon-media\"><img decoding=\"async\" src=\"https:\/\/pctp.org.uy\/web\/wp-content\/uploads\/2024\/12\/anii-logo_.svg\" alt=\"\"><\/span><\/div><\/div>\n\t\t\t\t\t<\/div>\n\t\t\t\t<\/div><\/div><\/div><\/a><\/div><\/div><div class=\"uncode-single-media logos_socios text-left\"><div class=\"single-wrapper\" style=\"max-width: 100%;\"><a class=\"single-media-link\" href=\"https:\/\/pasteur.uy\/\" target=\"_blank\" rel=\"noopener\"><div class=\"tmb tmb-light  tmb-media-first tmb-media-last tmb-content-overlay tmb-no-bg\"><div class=\"t-inside\"><div class=\"t-entry-visual\"><div class=\"t-entry-visual-tc\"><div class=\"uncode-single-media-wrapper\"><div class=\"fluid-svg\"><span id=\"icon-194639\" style=\"width:300px\" class=\"icon-media\"><img decoding=\"async\" src=\"https:\/\/pctp.org.uy\/web\/wp-content\/uploads\/2024\/10\/ipasteur-logo.svg\" alt=\"\"><\/span><\/div><\/div>\n\t\t\t\t\t<\/div>\n\t\t\t\t<\/div><\/div><\/div><\/a><\/div><\/div><div class=\"uncode-single-media logos_socios text-left\"><div class=\"single-wrapper\" style=\"max-width: 100%;\"><a class=\"single-media-link\" href=\"https:\/\/www.cciap.com.uy\/\" target=\"_blank\" rel=\"noopener\"><div class=\"tmb tmb-light  tmb-media-first tmb-media-last tmb-content-overlay tmb-no-bg\"><div class=\"t-inside\"><div class=\"t-entry-visual\"><div class=\"t-entry-visual-tc\"><div class=\"uncode-single-media-wrapper\"><div class=\"fluid-svg\"><span id=\"icon-365972\" style=\"width:300px\" class=\"icon-media\"><img decoding=\"async\" src=\"https:\/\/pctp.org.uy\/web\/wp-content\/uploads\/2024\/10\/cciap-logo.svg\" alt=\"\"><\/span><\/div><\/div>\n\t\t\t\t\t<\/div>\n\t\t\t\t<\/div><\/div><\/div><\/a><\/div><\/div><div class=\"uncode-single-media logos_socios text-left\"><div class=\"single-wrapper\" style=\"max-width: 100%;\"><a class=\"single-media-link\" href=\"https:\/\/www.zonafrancapdlc.com\/\" target=\"_blank\" rel=\"noopener\"><div class=\"tmb tmb-light  tmb-media-first tmb-media-last tmb-content-overlay tmb-no-bg\"><div class=\"t-inside\"><div class=\"t-entry-visual\"><div class=\"t-entry-visual-tc\"><div class=\"uncode-single-media-wrapper\"><div class=\"fluid-svg\"><span id=\"icon-649471\" style=\"width:300px\" class=\"icon-media\"><img decoding=\"async\" src=\"https:\/\/pctp.org.uy\/web\/wp-content\/uploads\/2024\/10\/zf-ciencia-logo.svg\" alt=\"\"><\/span><\/div><\/div>\n\t\t\t\t\t<\/div>\n\t\t\t\t<\/div><\/div><\/div><\/a><\/div><\/div><\/div><\/div><\/div><\/div><\/div><script id=\"script-row-unique-7\" data-row=\"script-row-unique-7\" type=\"text\/javascript\" class=\"vc_controls\">UNCODE.initRow(document.getElementById(\"row-unique-7\"));<\/script><\/div><\/div><\/div>\n<\/div>","protected":false},"excerpt":{"rendered":"Nuestro directorio est\u00e1 compuesto por actores clave que potencian la misi\u00f3n del Parque Cient\u00edfico y Tecnol\u00f3gico de Pando. Contamos con [...]","protected":false},"author":3,"featured_media":617,"parent":60,"menu_order":0,"comment_status":"closed","ping_status":"closed","template":"","meta":{"_acf_changed":false,"inline_featured_image":false,"_monsterinsights_skip_tracking":false,"_monsterinsights_sitenote_active":false,"_monsterinsights_sitenote_note":"","_monsterinsights_sitenote_category":0,"footnotes":""},"class_list":["post-67","page","type-page","status-publish","has-post-thumbnail","hentry"],"acf":[],"_links":{"self":[{"href":"https:\/\/pctp.org.uy\/pt\/wp-json\/wp\/v2\/pages\/67","targetHints":{"allow":["GET"]}}],"collection":[{"href":"https:\/\/pctp.org.uy\/pt\/wp-json\/wp\/v2\/pages"}],"about":[{"href":"https:\/\/pctp.org.uy\/pt\/wp-json\/wp\/v2\/types\/page"}],"author":[{"embeddable":true,"href":"https:\/\/pctp.org.uy\/pt\/wp-json\/wp\/v2\/users\/3"}],"replies":[{"embeddable":true,"href":"https:\/\/pctp.org.uy\/pt\/wp-json\/wp\/v2\/comments?post=67"}],"version-history":[{"count":2,"href":"https:\/\/pctp.org.uy\/pt\/wp-json\/wp\/v2\/pages\/67\/revisions"}],"predecessor-version":[{"id":2472,"href":"https:\/\/pctp.org.uy\/pt\/wp-json\/wp\/v2\/pages\/67\/revisions\/2472"}],"up":[{"embeddable":true,"href":"https:\/\/pctp.org.uy\/pt\/wp-json\/wp\/v2\/pages\/60"}],"wp:featuredmedia":[{"embeddable":true,"href":"https:\/\/pctp.org.uy\/pt\/wp-json\/wp\/v2\/media\/617"}],"wp:attachment":[{"href":"https:\/\/pctp.org.uy\/pt\/wp-json\/wp\/v2\/media?parent=67"}],"curies":[{"name":"wp","href":"https:\/\/api.w.org\/{rel}","templated":true}]}}