{"id":65,"date":"2024-08-02T05:45:58","date_gmt":"2024-08-02T03:45:58","guid":{"rendered":"http:\/\/pctp.org.uy\/web\/?page_id=65"},"modified":"2025-01-22T19:26:23","modified_gmt":"2025-01-22T22:26:23","slug":"infraestrutura","status":"publish","type":"page","link":"https:\/\/pctp.org.uy\/pt\/sobre\/infraestrutura\/","title":{"rendered":"Infraestrutura"},"content":{"rendered":"<div class=\"wpb-content-wrapper\"><div data-parent=\"true\" class=\"vc_row row_block block_texto_simple row-container\" id=\"row-unique-0\"><div class=\"row limit-width row-parent\" data-minheight=\"300\"><div class=\"wpb_row row-inner\"><div class=\"wpb_column pos-middle pos-center align_left column_parent col-lg-12 single-internal-gutter\"><div class=\"uncol style-light\"  ><div class=\"uncoltable\"><div class=\"uncell\" ><div class=\"uncont no-block-padding col-custom-width\" style=\" max-width:75%;\" ><div class=\"uncode_text_column text-color-wvjs-color\" >O Science Park possui uma infraestrutura predial moderna e vers\u00e1til, projetada para apoiar o desenvolvimento de projetos de inova\u00e7\u00e3o e tecnologia. Suas instala\u00e7\u00f5es incluem laborat\u00f3rios especializados e equipados, escrit\u00f3rios para empresas e espa\u00e7os colaborativos que incentivam o trabalho em equipe e a criatividade.\r\n\r\nAl\u00e9m disso, o parque oferece \u00e1reas para eventos e reuni\u00f5es, integradas em um ambiente funcional que promove a intera\u00e7\u00e3o entre diferentes atores do ecossistema cient\u00edfico e empresarial. Essa infraestrutura foi projetada para se adaptar \u00e0s necessidades de mudan\u00e7a dos projetos e para facilitar a transfer\u00eancia de conhecimento e tecnologia.\n<\/div><\/div><\/div><\/div><\/div><\/div><script id=\"script-row-unique-0\" data-row=\"script-row-unique-0\" type=\"text\/javascript\" class=\"vc_controls\">UNCODE.initRow(document.getElementById(\"row-unique-0\"));<\/script><\/div><\/div><\/div><div data-parent=\"true\" class=\"vc_row style-color-gris2-bg vc_custom_1733501817945 row-container\" style=\"padding-top: 20px ;padding-bottom: 20px ;\" id=\"row-unique-1\"><div class=\"row one-top-padding one-bottom-padding no-h-padding full-width row-parent\" data-height-ratio=\"full\" data-minheight=\"655\"><div class=\"wpb_row row-inner\"><div class=\"wpb_column pos-top pos-center align_left column_parent col-lg-12 single-internal-gutter\"><div class=\"uncol style-light\"  ><div class=\"uncoltable\"><div class=\"uncell no-block-padding\" ><div class=\"uncont\" ><div class=\"index-scroll index-scroll-width-vh hor-scroll-992289 hor-scroll-vh\">\n\t\t\n\t<div class=\"index-wrapper index-scroll-wrapper clearfix half-gutter\" >\n\t\t\t\t\t\t\t\t\t<div class=\"index-row\" data-lg=\"4\" data-md=\"4\" data-sm=\"2\" data-direction=\"right\" data-vp-height=\"100\" data-vp-height-md=\"100\" data-vp-height-sm=\"100\">\n<div class=\"tmb tmb-iso-w4 tmb-iso-h4 tmb-light tmb-overlay-text-anim tmb-overlay-anim tmb-overlay-middle tmb-overlay-text-center tmb-id-1721  tmb-media-first tmb-media-last tmb-content-overlay tmb-no-bg tmb-lightbox\" ><div class=\"t-inside no-anim\" ><div class=\"t-entry-visual\"><div class=\"t-entry-visual-tc\"><div class=\"t-entry-visual-cont\"><a tabindex=\"-1\" href=\"https:\/\/pctp.org.uy\/web\/wp-content\/uploads\/2025\/01\/portfolio-16.jpg\" data-skin=\"white\" data-caption=\"\" data-social=\"1\" data-deep=\"gallery-1878791\" data-notmb=\"1\" data-lbox=\"ilightbox_gallery-1878791\" data-external-thumb-image=\"https:\/\/pctp.org.uy\/web\/wp-content\/uploads\/2025\/01\/portfolio-16-150x150.jpg\" data-lg-size=\"1280-1280\" data-lb-index=\"0\"><div class=\"t-entry-visual-overlay\"><div class=\"t-entry-visual-overlay-in style-dark-bg\" style=\"opacity: 0.15;\"><\/div><\/div><div class=\"t-background-cover\" style=\"background-image:url('https:\/\/pctp.org.uy\/web\/wp-content\/uploads\/2025\/01\/portfolio-16.jpg')\"><\/div><\/a><\/div>\n\t\t\t\t\t<\/div>\n\t\t\t\t<\/div><\/div><\/div><div class=\"tmb tmb-iso-w4 tmb-iso-h4 tmb-light tmb-overlay-text-anim tmb-overlay-anim tmb-overlay-middle tmb-overlay-text-center tmb-id-1722  tmb-media-first tmb-media-last tmb-content-overlay tmb-no-bg tmb-lightbox\" ><div class=\"t-inside no-anim\" ><div class=\"t-entry-visual\"><div class=\"t-entry-visual-tc\"><div class=\"t-entry-visual-cont\"><a tabindex=\"-1\" href=\"https:\/\/pctp.org.uy\/web\/wp-content\/uploads\/2025\/01\/portfolio-17.jpg\" data-skin=\"white\" data-caption=\"\" data-social=\"1\" data-deep=\"gallery-1878791\" data-notmb=\"1\" data-lbox=\"ilightbox_gallery-1878791\" data-external-thumb-image=\"https:\/\/pctp.org.uy\/web\/wp-content\/uploads\/2025\/01\/portfolio-17-150x150.jpg\" data-lg-size=\"1280-1280\" data-lb-index=\"1\"><div class=\"t-entry-visual-overlay\"><div class=\"t-entry-visual-overlay-in style-dark-bg\" style=\"opacity: 0.15;\"><\/div><\/div><div class=\"t-background-cover\" style=\"background-image:url('https:\/\/pctp.org.uy\/web\/wp-content\/uploads\/2025\/01\/portfolio-17.jpg')\"><\/div><\/a><\/div>\n\t\t\t\t\t<\/div>\n\t\t\t\t<\/div><\/div><\/div><div class=\"tmb tmb-iso-w4 tmb-iso-h4 tmb-light tmb-overlay-text-anim tmb-overlay-anim tmb-overlay-middle tmb-overlay-text-center tmb-id-1723  tmb-media-first tmb-media-last tmb-content-overlay tmb-no-bg tmb-lightbox\" ><div class=\"t-inside no-anim\" ><div class=\"t-entry-visual\"><div class=\"t-entry-visual-tc\"><div class=\"t-entry-visual-cont\"><a tabindex=\"-1\" href=\"https:\/\/pctp.org.uy\/web\/wp-content\/uploads\/2025\/01\/portfolio-13.jpg\" data-skin=\"white\" data-caption=\"\" data-social=\"1\" data-deep=\"gallery-1878791\" data-notmb=\"1\" data-lbox=\"ilightbox_gallery-1878791\" data-external-thumb-image=\"https:\/\/pctp.org.uy\/web\/wp-content\/uploads\/2025\/01\/portfolio-13-150x150.jpg\" data-lg-size=\"1280-1280\" data-lb-index=\"2\"><div class=\"t-entry-visual-overlay\"><div class=\"t-entry-visual-overlay-in style-dark-bg\" style=\"opacity: 0.15;\"><\/div><\/div><div class=\"t-background-cover\" style=\"background-image:url('https:\/\/pctp.org.uy\/web\/wp-content\/uploads\/2025\/01\/portfolio-13.jpg')\"><\/div><\/a><\/div>\n\t\t\t\t\t<\/div>\n\t\t\t\t<\/div><\/div><\/div><div class=\"tmb tmb-iso-w4 tmb-iso-h4 tmb-light tmb-overlay-text-anim tmb-overlay-anim tmb-overlay-middle tmb-overlay-text-center tmb-id-1724  tmb-media-first tmb-media-last tmb-content-overlay tmb-no-bg tmb-lightbox\" ><div class=\"t-inside no-anim\" ><div class=\"t-entry-visual\"><div class=\"t-entry-visual-tc\"><div class=\"t-entry-visual-cont\"><a tabindex=\"-1\" href=\"https:\/\/pctp.org.uy\/web\/wp-content\/uploads\/2025\/01\/portfolio-14.jpg\" data-skin=\"white\" data-caption=\"\" data-social=\"1\" data-deep=\"gallery-1878791\" data-notmb=\"1\" data-lbox=\"ilightbox_gallery-1878791\" data-external-thumb-image=\"https:\/\/pctp.org.uy\/web\/wp-content\/uploads\/2025\/01\/portfolio-14-150x150.jpg\" data-lg-size=\"1280-1280\" data-lb-index=\"3\"><div class=\"t-entry-visual-overlay\"><div class=\"t-entry-visual-overlay-in style-dark-bg\" style=\"opacity: 0.15;\"><\/div><\/div><div class=\"t-background-cover\" style=\"background-image:url('https:\/\/pctp.org.uy\/web\/wp-content\/uploads\/2025\/01\/portfolio-14.jpg')\"><\/div><\/a><\/div>\n\t\t\t\t\t<\/div>\n\t\t\t\t<\/div><\/div><\/div><div class=\"tmb tmb-iso-w4 tmb-iso-h4 tmb-light tmb-overlay-text-anim tmb-overlay-anim tmb-overlay-middle tmb-overlay-text-center tmb-id-1725  tmb-media-first tmb-media-last tmb-content-overlay tmb-no-bg tmb-lightbox\" ><div class=\"t-inside no-anim\" ><div class=\"t-entry-visual\"><div class=\"t-entry-visual-tc\"><div class=\"t-entry-visual-cont\"><a tabindex=\"-1\" href=\"https:\/\/pctp.org.uy\/web\/wp-content\/uploads\/2025\/01\/portfolio-15.jpg\" data-skin=\"white\" data-caption=\"\" data-social=\"1\" data-deep=\"gallery-1878791\" data-notmb=\"1\" data-lbox=\"ilightbox_gallery-1878791\" data-external-thumb-image=\"https:\/\/pctp.org.uy\/web\/wp-content\/uploads\/2025\/01\/portfolio-15-150x150.jpg\" data-lg-size=\"1280-1280\" data-lb-index=\"4\"><div class=\"t-entry-visual-overlay\"><div class=\"t-entry-visual-overlay-in style-dark-bg\" style=\"opacity: 0.15;\"><\/div><\/div><div class=\"t-background-cover\" style=\"background-image:url('https:\/\/pctp.org.uy\/web\/wp-content\/uploads\/2025\/01\/portfolio-15.jpg')\"><\/div><\/a><\/div>\n\t\t\t\t\t<\/div>\n\t\t\t\t<\/div><\/div><\/div><div class=\"tmb tmb-iso-w4 tmb-iso-h4 tmb-light tmb-overlay-text-anim tmb-overlay-anim tmb-overlay-middle tmb-overlay-text-center tmb-id-1726  tmb-media-first tmb-media-last tmb-content-overlay tmb-no-bg tmb-lightbox\" ><div class=\"t-inside no-anim\" ><div class=\"t-entry-visual\"><div class=\"t-entry-visual-tc\"><div class=\"t-entry-visual-cont\"><a tabindex=\"-1\" href=\"https:\/\/pctp.org.uy\/web\/wp-content\/uploads\/2025\/01\/portfolio-7.jpg\" data-skin=\"white\" data-caption=\"\" data-social=\"1\" data-deep=\"gallery-1878791\" data-notmb=\"1\" data-lbox=\"ilightbox_gallery-1878791\" data-external-thumb-image=\"https:\/\/pctp.org.uy\/web\/wp-content\/uploads\/2025\/01\/portfolio-7-150x150.jpg\" data-lg-size=\"551-551\" data-lb-index=\"5\"><div class=\"t-entry-visual-overlay\"><div class=\"t-entry-visual-overlay-in style-dark-bg\" style=\"opacity: 0.15;\"><\/div><\/div><div class=\"t-background-cover\" style=\"background-image:url('https:\/\/pctp.org.uy\/web\/wp-content\/uploads\/2025\/01\/portfolio-7.jpg')\"><\/div><\/a><\/div>\n\t\t\t\t\t<\/div>\n\t\t\t\t<\/div><\/div><\/div><div class=\"tmb tmb-iso-w4 tmb-iso-h4 tmb-light tmb-overlay-text-anim tmb-overlay-anim tmb-overlay-middle tmb-overlay-text-center tmb-id-1727  tmb-media-first tmb-media-last tmb-content-overlay tmb-no-bg tmb-lightbox\" ><div class=\"t-inside no-anim\" ><div class=\"t-entry-visual\"><div class=\"t-entry-visual-tc\"><div class=\"t-entry-visual-cont\"><a tabindex=\"-1\" href=\"https:\/\/pctp.org.uy\/web\/wp-content\/uploads\/2025\/01\/portfolio-6.jpg\" data-skin=\"white\" data-caption=\"\" data-social=\"1\" data-deep=\"gallery-1878791\" data-notmb=\"1\" data-lbox=\"ilightbox_gallery-1878791\" data-external-thumb-image=\"https:\/\/pctp.org.uy\/web\/wp-content\/uploads\/2025\/01\/portfolio-6-150x150.jpg\" data-lg-size=\"1280-1280\" data-lb-index=\"6\"><div class=\"t-entry-visual-overlay\"><div class=\"t-entry-visual-overlay-in style-dark-bg\" style=\"opacity: 0.15;\"><\/div><\/div><div class=\"t-background-cover\" style=\"background-image:url('https:\/\/pctp.org.uy\/web\/wp-content\/uploads\/2025\/01\/portfolio-6.jpg')\"><\/div><\/a><\/div>\n\t\t\t\t\t<\/div>\n\t\t\t\t<\/div><\/div><\/div><div class=\"tmb tmb-iso-w4 tmb-iso-h4 tmb-light tmb-overlay-text-anim tmb-overlay-anim tmb-overlay-middle tmb-overlay-text-center tmb-id-1728  tmb-media-first tmb-media-last tmb-content-overlay tmb-no-bg tmb-lightbox\" ><div class=\"t-inside no-anim\" ><div class=\"t-entry-visual\"><div class=\"t-entry-visual-tc\"><div class=\"t-entry-visual-cont\"><a tabindex=\"-1\" href=\"https:\/\/pctp.org.uy\/web\/wp-content\/uploads\/2025\/01\/portfolio-5.jpg\" data-skin=\"white\" data-caption=\"\" data-social=\"1\" data-deep=\"gallery-1878791\" data-notmb=\"1\" data-lbox=\"ilightbox_gallery-1878791\" data-external-thumb-image=\"https:\/\/pctp.org.uy\/web\/wp-content\/uploads\/2025\/01\/portfolio-5-150x150.jpg\" data-lg-size=\"1280-1280\" data-lb-index=\"7\"><div class=\"t-entry-visual-overlay\"><div class=\"t-entry-visual-overlay-in style-dark-bg\" style=\"opacity: 0.15;\"><\/div><\/div><div class=\"t-background-cover\" style=\"background-image:url('https:\/\/pctp.org.uy\/web\/wp-content\/uploads\/2025\/01\/portfolio-5.jpg')\"><\/div><\/a><\/div>\n\t\t\t\t\t<\/div>\n\t\t\t\t<\/div><\/div><\/div><div class=\"tmb tmb-iso-w4 tmb-iso-h4 tmb-light tmb-overlay-text-anim tmb-overlay-anim tmb-overlay-middle tmb-overlay-text-center tmb-id-1729  tmb-media-first tmb-media-last tmb-content-overlay tmb-no-bg tmb-lightbox\" ><div class=\"t-inside no-anim\" ><div class=\"t-entry-visual\"><div class=\"t-entry-visual-tc\"><div class=\"t-entry-visual-cont\"><a tabindex=\"-1\" href=\"https:\/\/pctp.org.uy\/web\/wp-content\/uploads\/2025\/01\/portfolio-4.jpg\" data-skin=\"white\" data-caption=\"\" data-social=\"1\" data-deep=\"gallery-1878791\" data-notmb=\"1\" data-lbox=\"ilightbox_gallery-1878791\" data-external-thumb-image=\"https:\/\/pctp.org.uy\/web\/wp-content\/uploads\/2025\/01\/portfolio-4-150x150.jpg\" data-lg-size=\"1280-1280\" data-lb-index=\"8\"><div class=\"t-entry-visual-overlay\"><div class=\"t-entry-visual-overlay-in style-dark-bg\" style=\"opacity: 0.15;\"><\/div><\/div><div class=\"t-background-cover\" style=\"background-image:url('https:\/\/pctp.org.uy\/web\/wp-content\/uploads\/2025\/01\/portfolio-4.jpg')\"><\/div><\/a><\/div>\n\t\t\t\t\t<\/div>\n\t\t\t\t<\/div><\/div><\/div><div class=\"tmb tmb-iso-w4 tmb-iso-h4 tmb-light tmb-overlay-text-anim tmb-overlay-anim tmb-overlay-middle tmb-overlay-text-center tmb-id-1730  tmb-media-first tmb-media-last tmb-content-overlay tmb-no-bg tmb-lightbox\" ><div class=\"t-inside no-anim\" ><div class=\"t-entry-visual\"><div class=\"t-entry-visual-tc\"><div class=\"t-entry-visual-cont\"><a tabindex=\"-1\" href=\"https:\/\/pctp.org.uy\/web\/wp-content\/uploads\/2025\/01\/portfolio-3.jpg\" data-skin=\"white\" data-caption=\"\" data-social=\"1\" data-deep=\"gallery-1878791\" data-notmb=\"1\" data-lbox=\"ilightbox_gallery-1878791\" data-external-thumb-image=\"https:\/\/pctp.org.uy\/web\/wp-content\/uploads\/2025\/01\/portfolio-3-150x150.jpg\" data-lg-size=\"1280-1280\" data-lb-index=\"9\"><div class=\"t-entry-visual-overlay\"><div class=\"t-entry-visual-overlay-in style-dark-bg\" style=\"opacity: 0.15;\"><\/div><\/div><div class=\"t-background-cover\" style=\"background-image:url('https:\/\/pctp.org.uy\/web\/wp-content\/uploads\/2025\/01\/portfolio-3.jpg')\"><\/div><\/a><\/div>\n\t\t\t\t\t<\/div>\n\t\t\t\t<\/div><\/div><\/div><div class=\"tmb tmb-iso-w4 tmb-iso-h4 tmb-light tmb-overlay-text-anim tmb-overlay-anim tmb-overlay-middle tmb-overlay-text-center tmb-id-1731  tmb-media-first tmb-media-last tmb-content-overlay tmb-no-bg tmb-lightbox\" ><div class=\"t-inside no-anim\" ><div class=\"t-entry-visual\"><div class=\"t-entry-visual-tc\"><div class=\"t-entry-visual-cont\"><a tabindex=\"-1\" href=\"https:\/\/pctp.org.uy\/web\/wp-content\/uploads\/2025\/01\/portfolio-2.jpg\" data-skin=\"white\" data-caption=\"\" data-social=\"1\" data-deep=\"gallery-1878791\" data-notmb=\"1\" data-lbox=\"ilightbox_gallery-1878791\" data-external-thumb-image=\"https:\/\/pctp.org.uy\/web\/wp-content\/uploads\/2025\/01\/portfolio-2-150x150.jpg\" data-lg-size=\"1280-1280\" data-lb-index=\"10\"><div class=\"t-entry-visual-overlay\"><div class=\"t-entry-visual-overlay-in style-dark-bg\" style=\"opacity: 0.15;\"><\/div><\/div><div class=\"t-background-cover\" style=\"background-image:url('https:\/\/pctp.org.uy\/web\/wp-content\/uploads\/2025\/01\/portfolio-2.jpg')\"><\/div><\/a><\/div>\n\t\t\t\t\t<\/div>\n\t\t\t\t<\/div><\/div><\/div><div class=\"tmb tmb-iso-w4 tmb-iso-h4 tmb-light tmb-overlay-text-anim tmb-overlay-anim tmb-overlay-middle tmb-overlay-text-center tmb-id-1732  tmb-media-first tmb-media-last tmb-content-overlay tmb-no-bg tmb-lightbox\" ><div class=\"t-inside no-anim\" ><div class=\"t-entry-visual\"><div class=\"t-entry-visual-tc\"><div class=\"t-entry-visual-cont\"><a tabindex=\"-1\" href=\"https:\/\/pctp.org.uy\/web\/wp-content\/uploads\/2025\/01\/portfolio-1.jpg\" data-skin=\"white\" data-caption=\"\" data-social=\"1\" data-deep=\"gallery-1878791\" data-notmb=\"1\" data-lbox=\"ilightbox_gallery-1878791\" data-external-thumb-image=\"https:\/\/pctp.org.uy\/web\/wp-content\/uploads\/2025\/01\/portfolio-1-150x150.jpg\" data-lg-size=\"1280-1280\" data-lb-index=\"11\"><div class=\"t-entry-visual-overlay\"><div class=\"t-entry-visual-overlay-in style-dark-bg\" style=\"opacity: 0.15;\"><\/div><\/div><div class=\"t-background-cover\" style=\"background-image:url('https:\/\/pctp.org.uy\/web\/wp-content\/uploads\/2025\/01\/portfolio-1.jpg')\"><\/div><\/a><\/div>\n\t\t\t\t\t<\/div>\n\t\t\t\t<\/div><\/div><\/div>\t\t\t<\/div>\n\t\t\t\t\t<\/div>\n\n\t\n\t\n<\/div>\n\n<\/div><\/div><\/div><\/div><\/div><script id=\"script-row-unique-1\" data-row=\"script-row-unique-1\" type=\"text\/javascript\" class=\"vc_controls\">UNCODE.initRow(document.getElementById(\"row-unique-1\"));<\/script><\/div><\/div><\/div><div data-parent=\"true\" class=\"vc_row content_seccion block_texto_simple row-container\" id=\"row-unique-2\"><div class=\"row double-top-padding single-bottom-padding single-h-padding limit-width row-parent\"><div class=\"wpb_row row-inner\"><div class=\"wpb_column pos-top pos-center align_left column_parent col-lg-12 single-internal-gutter\"><div class=\"uncol style-light\"  ><div class=\"uncoltable\"><div class=\"uncell\" ><div class=\"uncont no-block-padding col-custom-width\" style=\" max-width:75%;\" ><div class=\"vc_custom_heading_wrap\"><div class=\"heading-text el-text\" ><h2 class=\"h2\" ><span>Um ambiente diversificado e sustent\u00e1vel<\/span><\/h2><\/div><div class=\"clear\"><\/div><\/div><div class=\"uncode_text_column text-color-wvjs-color\" >O parque abriga uma diversidade de empresas e empreendimentos que refletem seu foco em inova\u00e7\u00e3o, tecnologia e desenvolvimento sustent\u00e1vel. De start-ups emergentes a empresas estabelecidas, o parque \u00e9 um ponto de encontro para os participantes do setor qu\u00edmico e de biotecnologia.\r\n\r\nEsse ecossistema din\u00e2mico fomenta a sinergia entre diferentes projetos e promove a colabora\u00e7\u00e3o interdisciplinar, criando um ambiente ideal para o crescimento de iniciativas relacionadas \u00e0 inova\u00e7\u00e3o e a gera\u00e7\u00e3o de solu\u00e7\u00f5es com impacto na sociedade e na comunidade produtiva.\n<\/div><\/div><\/div><\/div><\/div><\/div><script id=\"script-row-unique-2\" data-row=\"script-row-unique-2\" type=\"text\/javascript\" class=\"vc_controls\">UNCODE.initRow(document.getElementById(\"row-unique-2\"));<\/script><\/div><\/div><\/div><div data-parent=\"true\" class=\"vc_row content_seccion row-container\" id=\"row-unique-3\"><div class=\"row single-top-padding single-bottom-padding no-h-padding full-width row-parent\"><div class=\"wpb_row row-inner\"><div class=\"wpb_column pos-top pos-center align_left column_parent col-lg-12 single-internal-gutter\"><div class=\"uncol style-light\"  ><div class=\"uncoltable\"><div class=\"uncell\" ><div class=\"uncont no-block-padding col-custom-width\" style=\" max-width:75%;\" >\n\t<div class=\"wpb_raw_code wpb_raw_html\" >\n\t\t<div class=\"wpb_wrapper\">\n\t\t\t<div class=\"mapa\"><div id=\"mapsvg-21\" data-id=\"21\" class=\"mapsvg\" data-autoload=\"true\" data-load-db=\"true\" data-loading-text=\"...\" style=\"width: 100%; height: 0; padding-bottom: 72.57%\"><\/div><\/div>\n\t\t<\/div>\n\t<\/div>\n<div class=\"empty-space empty-single mobile-hidden\" ><span class=\"empty-space-inner\"><\/span><\/div>\n<\/div><\/div><\/div><\/div><\/div><script id=\"script-row-unique-3\" data-row=\"script-row-unique-3\" type=\"text\/javascript\" class=\"vc_controls\">UNCODE.initRow(document.getElementById(\"row-unique-3\"));<\/script><\/div><\/div><\/div><div data-parent=\"true\" class=\"vc_row row_download noimg style-color-gris2-bg row-container\" id=\"row-unique-4\"><div class=\"row no-top-padding no-bottom-padding no-h-padding full-width row-parent\"><div class=\"wpb_row row-inner\"><div class=\"wpb_column pos-middle pos-center align_left column_parent col-lg-12 single-internal-gutter\"><div class=\"uncol style-dark\"  ><div class=\"uncoltable\"><div class=\"uncell\" ><div class=\"uncont no-block-padding col-custom-width\" style=\" max-width:80%;\" ><div class=\"vc_custom_heading_wrap\"><div class=\"heading-text el-text\" ><h2 class=\"h1 font-weight-400\" ><span>DESENVOLVIMENTO URBANO<\/span><\/h2><\/div><div class=\"clear\"><\/div><\/div>\n\t<div class=\"wpb_raw_code wpb_raw_html\" >\n\t\t<div class=\"wpb_wrapper\">\n\t\t\t<div class=\"arrow\"><div class=\"arrow_head\"><\/div><\/div>\n\n\t\t<\/div>\n\t<\/div>\n<\/div><\/div><\/div><\/div><a class=\"col-link custom-link\" href=\"http:\/\/pctp.org.uy\/pt\/servicos\/desenvolvimento\/\" target=\"_self\" title=\"DESENVOLVIMENTO\"><\/a><\/div><script id=\"script-row-unique-4\" data-row=\"script-row-unique-4\" type=\"text\/javascript\" class=\"vc_controls\">UNCODE.initRow(document.getElementById(\"row-unique-4\"));<\/script><\/div><\/div><\/div>\n<\/div>","protected":false},"excerpt":{"rendered":"O Science Park possui uma infraestrutura predial moderna e vers\u00e1til, projetada para apoiar o desenvolvimento de projetos de inova\u00e7\u00e3o [...].","protected":false},"author":3,"featured_media":0,"parent":60,"menu_order":0,"comment_status":"closed","ping_status":"closed","template":"","meta":{"_acf_changed":false,"inline_featured_image":false,"_monsterinsights_skip_tracking":false,"_monsterinsights_sitenote_active":false,"_monsterinsights_sitenote_note":"","_monsterinsights_sitenote_category":0,"footnotes":""},"class_list":["post-65","page","type-page","status-publish","hentry"],"acf":[],"_links":{"self":[{"href":"https:\/\/pctp.org.uy\/pt\/wp-json\/wp\/v2\/pages\/65","targetHints":{"allow":["GET"]}}],"collection":[{"href":"https:\/\/pctp.org.uy\/pt\/wp-json\/wp\/v2\/pages"}],"about":[{"href":"https:\/\/pctp.org.uy\/pt\/wp-json\/wp\/v2\/types\/page"}],"author":[{"embeddable":true,"href":"https:\/\/pctp.org.uy\/pt\/wp-json\/wp\/v2\/users\/3"}],"replies":[{"embeddable":true,"href":"https:\/\/pctp.org.uy\/pt\/wp-json\/wp\/v2\/comments?post=65"}],"version-history":[{"count":0,"href":"https:\/\/pctp.org.uy\/pt\/wp-json\/wp\/v2\/pages\/65\/revisions"}],"up":[{"embeddable":true,"href":"https:\/\/pctp.org.uy\/pt\/wp-json\/wp\/v2\/pages\/60"}],"wp:attachment":[{"href":"https:\/\/pctp.org.uy\/pt\/wp-json\/wp\/v2\/media?parent=65"}],"curies":[{"name":"wp","href":"https:\/\/api.w.org\/{rel}","templated":true}]}}