{"id":2211,"date":"2025-09-17T10:46:19","date_gmt":"2025-09-17T13:46:19","guid":{"rendered":"https:\/\/pctp.org.uy\/?page_id=2211"},"modified":"2025-09-17T11:29:35","modified_gmt":"2025-09-17T14:29:35","slug":"documentos-de-interes","status":"publish","type":"page","link":"https:\/\/pctp.org.uy\/pt\/sobre\/documentos-de-interes\/","title":{"rendered":"Documentos de inter\u00e9s"},"content":{"rendered":"<div class=\"wpb-content-wrapper\"><div data-parent=\"true\" class=\"vc_row content_seccion oculto style-color-gris1-bg row-container\" id=\"row-unique-0\"><div class=\"row double-top-padding double-bottom-padding single-h-padding limit-width row-parent\"><div class=\"wpb_row row-inner\"><div class=\"wpb_column pos-top pos-center align_left column_parent col-lg-12 single-internal-gutter\"><div class=\"uncol style-dark\"  ><div class=\"uncoltable\"><div class=\"uncell\" ><div class=\"uncont no-block-padding col-custom-width\" style=\" max-width:75%;\" ><div class=\"uncode_text_column\" ><p>En esta p\u00e1gina encontrar\u00e1n documentos de inter\u00e9s vinculados a la operativa y funcionamiento del Parque Cient\u00edfico y Tecnol\u00f3gico de Pando.<\/p>\n<\/div><\/div><\/div><\/div><\/div><\/div><script id=\"script-row-unique-0\" data-row=\"script-row-unique-0\" type=\"text\/javascript\" class=\"vc_controls\">UNCODE.initRow(document.getElementById(\"row-unique-0\"));<\/script><\/div><\/div><\/div><div data-parent=\"true\" class=\"vc_row content_seccion style-color-azulmedio-bg row-container\" id=\"row-unique-1\"><div class=\"row double-top-padding double-bottom-padding single-h-padding limit-width row-parent\"><div class=\"wpb_row row-inner\"><div class=\"wpb_column pos-top pos-center align_left column_parent col-lg-12 single-internal-gutter\"><div class=\"uncol style-dark\"  ><div class=\"uncoltable\"><div class=\"uncell\" ><div class=\"uncont no-block-padding col-custom-width\" style=\" max-width:75%;\" ><div class=\"uncode_text_column text-small\" ><\/p>\n<ul>\n<li>Balances<\/li>\n<li>Memorias Anuales<\/li>\n<li>Compromisos de Gesti\u00f3n\n<ul>\n<li><a href=\"https:\/\/pctp.org.uy\/web\/wp-content\/uploads\/2025\/09\/Compromiso-de-Gestion-PCTP-2018.pdf\">Compromiso de Gestio\u0301n PCTP 2018<\/a><\/li>\n<li><a href=\"https:\/\/pctp.org.uy\/web\/wp-content\/uploads\/2025\/09\/Compromiso-de-Gestion-PCTP-2019.pdf\">Compromiso de Gestio\u0301n PCTP 2019<\/a><\/li>\n<li><a href=\"https:\/\/pctp.org.uy\/web\/wp-content\/uploads\/2025\/09\/Compromiso-de-Gestion-PCTP-2020.pdf\">Compromiso de Gestio\u0301n PCTP 2020<\/a><\/li>\n<li><a href=\"https:\/\/pctp.org.uy\/web\/wp-content\/uploads\/2025\/09\/Compromiso-de-Gestion-PCTP-2021.pdf\">Compromiso de Gestio\u0301n PCTP 2021<\/a><\/li>\n<li><a href=\"https:\/\/pctp.org.uy\/web\/wp-content\/uploads\/2025\/09\/Compromiso-de-Gestion-PCTP-2022.pdf\">Compromiso de Gestio\u0301n PCTP 2022<\/a><\/li>\n<li><a href=\"https:\/\/pctp.org.uy\/web\/wp-content\/uploads\/2025\/09\/Compromiso-de-Gestion-PCTP-2023.pdf\">Compromiso de Gestio\u0301n PCTP 2023<\/a><\/li>\n<li><a href=\"https:\/\/pctp.org.uy\/web\/wp-content\/uploads\/2025\/09\/Compromiso-de-Gestion-PCTP-2024.pdf\">Compromiso de Gestion PCTP 2024<\/a><\/li>\n<\/ul>\n<\/li>\n<li>Certificaciones\n<ul>\n<li><\/li>\n<\/ul>\n<\/li>\n<\/ul>\n<p>\n<\/div><\/div><\/div><\/div><\/div><\/div><script id=\"script-row-unique-1\" data-row=\"script-row-unique-1\" type=\"text\/javascript\" class=\"vc_controls\">UNCODE.initRow(document.getElementById(\"row-unique-1\"));<\/script><\/div><\/div><\/div><div data-parent=\"true\" class=\"vc_row row_block row-container\" id=\"row-unique-2\"><div class=\"row double-top-padding double-bottom-padding single-h-padding limit-width row-parent\" data-minheight=\"300\"><div class=\"wpb_row row-inner\"><div class=\"wpb_column pos-middle pos-center align_left column_parent col-lg-12 single-internal-gutter\"><div class=\"uncol style-light\"  ><div class=\"uncoltable\"><div class=\"uncell\" ><div class=\"uncont no-block-padding col-custom-width\" style=\" max-width:75%;\" ><\/div><\/div><\/div><\/div><\/div><script id=\"script-row-unique-2\" data-row=\"script-row-unique-2\" type=\"text\/javascript\" class=\"vc_controls\">UNCODE.initRow(document.getElementById(\"row-unique-2\"));<\/script><\/div><\/div><\/div><div data-parent=\"true\" class=\"vc_row style-color-gris3-bg row-container\" id=\"row-unique-3\"><div class=\"row triple-top-padding triple-bottom-padding single-h-padding limit-width row-parent\"><div class=\"wpb_row row-inner\"><div class=\"wpb_column pos-top pos-center align_left column_parent col-lg-12 single-internal-gutter\"><div class=\"uncol style-light\"  ><div class=\"uncoltable\"><div class=\"uncell\" ><div class=\"uncont no-block-padding col-custom-width\" style=\" max-width:75%;\" ><\/div><\/div><\/div><\/div><\/div><script id=\"script-row-unique-3\" data-row=\"script-row-unique-3\" type=\"text\/javascript\" class=\"vc_controls\">UNCODE.initRow(document.getElementById(\"row-unique-3\"));<\/script><\/div><\/div><\/div><div data-parent=\"true\" class=\"vc_row oculto inverted-device-order row-container desktop-hidden tablet-hidden mobile-hidden\" id=\"row-unique-4\"><div class=\"row limit-width row-parent\"><div class=\"wpb_row auto-height-device row-inner\"><div class=\"wpb_column pos-top pos-center align_left column_parent col-lg-12 single-internal-gutter\"><div class=\"uncol style-light\"  ><div class=\"uncoltable\"><div class=\"uncell no-block-padding\" ><div class=\"uncont\" ><\/div><\/div><\/div><\/div><\/div><script id=\"script-row-unique-4\" data-row=\"script-row-unique-4\" type=\"text\/javascript\" class=\"vc_controls\">UNCODE.initRow(document.getElementById(\"row-unique-4\"));<\/script><\/div><\/div><\/div>\n<\/div>","protected":false},"excerpt":{"rendered":"En esta p\u00e1gina encontrar\u00e1n documentos de inter\u00e9s vinculados a la operativa y funcionamiento del Parque Cient\u00edfico y Tecnol\u00f3gico de Pando. [...]","protected":false},"author":3,"featured_media":1449,"parent":60,"menu_order":0,"comment_status":"closed","ping_status":"closed","template":"","meta":{"_acf_changed":false,"inline_featured_image":false,"_monsterinsights_skip_tracking":false,"_monsterinsights_sitenote_active":false,"_monsterinsights_sitenote_note":"","_monsterinsights_sitenote_category":0,"footnotes":""},"class_list":["post-2211","page","type-page","status-publish","has-post-thumbnail","hentry"],"acf":[],"_links":{"self":[{"href":"https:\/\/pctp.org.uy\/pt\/wp-json\/wp\/v2\/pages\/2211","targetHints":{"allow":["GET"]}}],"collection":[{"href":"https:\/\/pctp.org.uy\/pt\/wp-json\/wp\/v2\/pages"}],"about":[{"href":"https:\/\/pctp.org.uy\/pt\/wp-json\/wp\/v2\/types\/page"}],"author":[{"embeddable":true,"href":"https:\/\/pctp.org.uy\/pt\/wp-json\/wp\/v2\/users\/3"}],"replies":[{"embeddable":true,"href":"https:\/\/pctp.org.uy\/pt\/wp-json\/wp\/v2\/comments?post=2211"}],"version-history":[{"count":3,"href":"https:\/\/pctp.org.uy\/pt\/wp-json\/wp\/v2\/pages\/2211\/revisions"}],"predecessor-version":[{"id":2224,"href":"https:\/\/pctp.org.uy\/pt\/wp-json\/wp\/v2\/pages\/2211\/revisions\/2224"}],"up":[{"embeddable":true,"href":"https:\/\/pctp.org.uy\/pt\/wp-json\/wp\/v2\/pages\/60"}],"wp:featuredmedia":[{"embeddable":true,"href":"https:\/\/pctp.org.uy\/pt\/wp-json\/wp\/v2\/media\/1449"}],"wp:attachment":[{"href":"https:\/\/pctp.org.uy\/pt\/wp-json\/wp\/v2\/media?parent=2211"}],"curies":[{"name":"wp","href":"https:\/\/api.w.org\/{rel}","templated":true}]}}