{"id":2326,"date":"2025-11-05T10:03:25","date_gmt":"2025-11-05T13:03:25","guid":{"rendered":"https:\/\/pctp.org.uy\/?page_id=2326"},"modified":"2025-11-19T12:00:08","modified_gmt":"2025-11-19T15:00:08","slug":"documentos-de-interes-2","status":"publish","type":"page","link":"https:\/\/pctp.org.uy\/en\/about\/documentos-de-interes-2\/","title":{"rendered":"Documentos de Inter\u00e9s"},"content":{"rendered":"<div class=\"wpb-content-wrapper\"><div data-parent=\"true\" class=\"vc_row row-container\" id=\"row-unique-0\"><div class=\"row limit-width row-parent\"><div class=\"wpb_row row-inner\"><div class=\"wpb_column pos-top pos-center align_left column_parent col-lg-12 single-internal-gutter\"><div class=\"uncol style-light\"  ><div class=\"uncoltable\"><div class=\"uncell no-block-padding\" ><div class=\"uncont\" ><div class=\"uncode-accordion wpb_accordion wpb_content_element  sign-size-rg w-border\" data-collapsible=\"no\" data-target=\"\" data-active-tab=\"1\" >\n\t\t<div class=\"panel-group wpb_wrapper wpb_accordion_wrapper\" id=\"accordion_2036576283\" role=\"tablist\" aria-multiselectable=\"true\" data-no-toggle=\"\">\n\n<div class=\"panel panel-default wpb_accordion_section group  no-block-padding active-group\"><div class=\"panel-heading wpb_accordion_header ui-accordion-header\" role=\"tab\"><p class=\"panel-title active font-weight- text-   icon-size-rg\"><a data-toggle=\"collapse\" data-parent=\"#accordion_2036576283\" href=\"#1762346815-1-79\"><span>Informe de Auditor\u00eda Anual de Estados Financieros<\/span><\/a><\/p><\/div><div id=\"1762346815-1-79\" class=\"panel-collapse collapse in\" role=\"tabpanel\"><div class=\"panel-body wpb_accordion_content ui-accordion-content half-internal-gutter single-block-padding\">\n\t\t\t\t\t\t<div class=\"uncode_text_column\" ><\/p>\n<ul>\n<li><a href=\"https:\/\/pctp.org.uy\/web\/wp-content\/uploads\/2025\/09\/EECC_PCTP_2024.pdf\">A\u00f1o 2024<\/a><\/li>\n<li><a href=\"https:\/\/pctp.org.uy\/web\/wp-content\/uploads\/2025\/09\/EECC_PCTP_2023.pdf\">A\u00f1o 2023<\/a><\/li>\n<li><a href=\"https:\/\/pctp.org.uy\/web\/wp-content\/uploads\/2025\/09\/EECC_PCTP_2022.pdf\">A\u00f1o 2022<\/a><\/li>\n<li><a href=\"https:\/\/pctp.org.uy\/web\/wp-content\/uploads\/2025\/09\/EECC_PCTP_2021.pdf\">A\u00f1o 2021<\/a><\/li>\n<li><a href=\"https:\/\/pctp.org.uy\/web\/wp-content\/uploads\/2025\/09\/EECC_PCTP_2020.pdf\">A\u00f1o 2020<\/a><\/li>\n<\/ul>\n<p>\n<\/div><\/div><\/div><\/div>\n\t\t<\/div><\/div><div class=\"uncode-accordion wpb_accordion wpb_content_element  sign-size-rg w-border\" data-collapsible=\"no\" data-target=\"\" data-active-tab=\"1\" >\n\t\t<div class=\"panel-group wpb_wrapper wpb_accordion_wrapper\" id=\"accordion_1288712804\" role=\"tablist\" aria-multiselectable=\"true\" data-no-toggle=\"\">\n\n<div class=\"panel panel-default wpb_accordion_section group  no-block-padding active-group\"><div class=\"panel-heading wpb_accordion_header ui-accordion-header\" role=\"tab\"><p class=\"panel-title active font-weight- text-   icon-size-rg\"><a data-toggle=\"collapse\" data-parent=\"#accordion_1288712804\" href=\"#1762346815-1-790\"><span>Informes Anuales del Tribunal de Cuentas de la Rep\u00fablica<\/span><\/a><\/p><\/div><div id=\"1762346815-1-790\" class=\"panel-collapse collapse in\" role=\"tabpanel\"><div class=\"panel-body wpb_accordion_content ui-accordion-content half-internal-gutter single-block-padding\">\n\t\t\t\t\t\t<div class=\"uncode_text_column\" ><\/p>\n<ul>\n<li><a href=\"https:\/\/pctp.org.uy\/web\/wp-content\/uploads\/2025\/09\/EECC_PCTP_2024.pdf\">A\u00f1o 2024<\/a><\/li>\n<li><a href=\"https:\/\/pctp.org.uy\/web\/wp-content\/uploads\/2025\/09\/EECC_PCTP_2023.pdf\">A\u00f1o 2023<\/a><\/li>\n<li><a href=\"https:\/\/pctp.org.uy\/web\/wp-content\/uploads\/2025\/09\/EECC_PCTP_2022.pdf\">A\u00f1o 2022<\/a><\/li>\n<li><a href=\"https:\/\/pctp.org.uy\/web\/wp-content\/uploads\/2025\/09\/EECC_PCTP_2021.pdf\">A\u00f1o 2021<\/a><\/li>\n<li><a href=\"https:\/\/pctp.org.uy\/web\/wp-content\/uploads\/2025\/09\/EECC_PCTP_2020.pdf\">A\u00f1o 2020<\/a><\/li>\n<\/ul>\n<p>\n<\/div><\/div><\/div><\/div>\n\t\t<\/div><\/div><\/div><\/div><\/div><\/div><\/div><script id=\"script-row-unique-0\" data-row=\"script-row-unique-0\" type=\"text\/javascript\" class=\"vc_controls\">UNCODE.initRow(document.getElementById(\"row-unique-0\"));<\/script><\/div><\/div><\/div>\n<\/div>","protected":false},"excerpt":{"rendered":"Informe de Auditor\u00eda Anual de Estados Financieros A\u00f1o 2024 A\u00f1o 2023 A\u00f1o 2022 A\u00f1o 2021 A\u00f1o 2020 Informes Anuales del [...]","protected":false},"author":3,"featured_media":621,"parent":60,"menu_order":0,"comment_status":"closed","ping_status":"closed","template":"","meta":{"_acf_changed":false,"inline_featured_image":false,"_monsterinsights_skip_tracking":false,"_monsterinsights_sitenote_active":false,"_monsterinsights_sitenote_note":"","_monsterinsights_sitenote_category":0,"footnotes":""},"class_list":["post-2326","page","type-page","status-publish","has-post-thumbnail","hentry"],"acf":[],"_links":{"self":[{"href":"https:\/\/pctp.org.uy\/en\/wp-json\/wp\/v2\/pages\/2326","targetHints":{"allow":["GET"]}}],"collection":[{"href":"https:\/\/pctp.org.uy\/en\/wp-json\/wp\/v2\/pages"}],"about":[{"href":"https:\/\/pctp.org.uy\/en\/wp-json\/wp\/v2\/types\/page"}],"author":[{"embeddable":true,"href":"https:\/\/pctp.org.uy\/en\/wp-json\/wp\/v2\/users\/3"}],"replies":[{"embeddable":true,"href":"https:\/\/pctp.org.uy\/en\/wp-json\/wp\/v2\/comments?post=2326"}],"version-history":[{"count":7,"href":"https:\/\/pctp.org.uy\/en\/wp-json\/wp\/v2\/pages\/2326\/revisions"}],"predecessor-version":[{"id":2335,"href":"https:\/\/pctp.org.uy\/en\/wp-json\/wp\/v2\/pages\/2326\/revisions\/2335"}],"up":[{"embeddable":true,"href":"https:\/\/pctp.org.uy\/en\/wp-json\/wp\/v2\/pages\/60"}],"wp:featuredmedia":[{"embeddable":true,"href":"https:\/\/pctp.org.uy\/en\/wp-json\/wp\/v2\/media\/621"}],"wp:attachment":[{"href":"https:\/\/pctp.org.uy\/en\/wp-json\/wp\/v2\/media?parent=2326"}],"curies":[{"name":"wp","href":"https:\/\/api.w.org\/{rel}","templated":true}]}}