{"id":16,"date":"2024-07-31T15:45:44","date_gmt":"2024-07-31T13:45:44","guid":{"rendered":"http:\/\/pctp.org.uy\/web\/?page_id=16"},"modified":"2025-01-07T15:46:24","modified_gmt":"2025-01-07T18:46:24","slug":"empresas","status":"publish","type":"page","link":"https:\/\/pctp.org.uy\/en\/empresas\/","title":{"rendered":"Empresas"},"content":{"rendered":"<div class=\"wpb-content-wrapper\"><div data-parent=\"true\" class=\"vc_row row_block block_texto_simple row-container\" id=\"row-unique-0\"><div class=\"row limit-width row-parent\" data-minheight=\"300\"><div class=\"wpb_row row-inner\"><div class=\"wpb_column pos-middle pos-center align_left column_parent col-lg-12 single-internal-gutter\"><div class=\"uncol style-light\"  ><div class=\"uncoltable\"><div class=\"uncell\" ><div class=\"uncont no-block-padding col-custom-width\" style=\" max-width:75%;\" ><div class=\"uncode_text_column text-color-wvjs-color\" >El Parque Cient\u00edfico y Tecnol\u00f3gico de Pando (PCTP) alberga una diversidad de empresas y emprendimientos que reflejan su enfoque en la innovaci\u00f3n, la tecnolog\u00eda y el desarrollo sostenible. Desde startups emergentes hasta empresas consolidadas, el parque es un punto de encuentro para actores de sectores como biotecnolog\u00eda, qu\u00edmica, alimentos, tecnolog\u00edas de la informaci\u00f3n y desarrollo de materiales avanzados. Este ecosistema din\u00e1mico fomenta la sinergia entre distintos proyectos y promueve la colaboraci\u00f3n interdisciplinaria, creando un entorno ideal para el crecimiento de iniciativas disruptivas y la generaci\u00f3n de soluciones tecnol\u00f3gicas con impacto en la sociedad y el mercado.\n<\/div><\/div><\/div><\/div><\/div><\/div><script id=\"script-row-unique-0\" data-row=\"script-row-unique-0\" type=\"text\/javascript\" class=\"vc_controls\">UNCODE.initRow(document.getElementById(\"row-unique-0\"));<\/script><\/div><\/div><\/div><div data-parent=\"true\" class=\"vc_row row-container\" id=\"row-unique-1\"><div class=\"row single-top-padding single-bottom-padding no-h-padding full-width row-parent\"><div class=\"wpb_row row-inner\"><div class=\"wpb_column pos-top pos-center align_left column_parent col-lg-12 single-internal-gutter\"><div class=\"uncol style-light\"  ><div class=\"uncoltable\"><div class=\"uncell no-block-padding\" ><div class=\"uncont\" >\n\t<div class=\"wpb_raw_code wpb_raw_html\" >\n\t\t<div class=\"wpb_wrapper\">\n\t\t\t<script src=\"https:\/\/cdn.jsdelivr.net\/npm\/uikit@3.21.13\/dist\/js\/uikit.min.js\"><\/script>\n\n<div class=\"empresas_logos_grid uk-child-width-1-3@s uk-child-width-1-2 uk-grid-match uk-grid-collapse\" uk-grid><div class=\"item background_1\"><a href=\"https:\/\/kimya.uy\" target=\"_blank\" class=\"link-empresa\" rel=\"noopener\"><div class=\"content-wrapper\"><img decoding=\"async\" src=\"https:\/\/pctp.org.uy\/web\/wp-content\/uploads\/2024\/10\/kimya.svg\" alt=\"Kimya\"><p class=\"descripcion-empresa\">texto empresa 2 lineas<br\/><span class=\"link-empresa\">kimya.uy<\/span><\/p><\/div><\/div><\/a><div class=\"item background_2\"><a href=\"https:\/\/www.blooming-uruguay.com\/\" target=\"_blank\" class=\"link-empresa\" rel=\"noopener\"><div class=\"content-wrapper\"><img decoding=\"async\" src=\"https:\/\/pctp.org.uy\/web\/wp-content\/uploads\/2024\/10\/blooming.svg\" alt=\"BLooming_\"><p class=\"descripcion-empresa\">Flores y aceites de cannabis para uso medicinal dentro de normas internacionales<br\/><span class=\"link-empresa\">blooming-uruguay.com<\/span><\/p><\/div><\/div><\/a><div class=\"item background_3\"><a href=\"https:\/\/www.growin.uy\/\" target=\"_blank\" class=\"link-empresa\" rel=\"noopener\"><div class=\"content-wrapper\"><img decoding=\"async\" src=\"https:\/\/pctp.org.uy\/web\/wp-content\/uploads\/2024\/10\/grow-in.svg\" alt=\"Grow_IN\"><p class=\"descripcion-empresa\">Breeding and growing for the world<br\/><span class=\"link-empresa\">growin.uy<\/span><\/p><\/div><\/div><\/a><div class=\"item background_4\"><a href=\"https:\/\/www.aravanlabs.com.uy\/\" target=\"_blank\" class=\"link-empresa\" rel=\"noopener\"><div class=\"content-wrapper\"><img decoding=\"async\" src=\"https:\/\/pctp.org.uy\/web\/wp-content\/uploads\/2024\/10\/aravan_labs.svg\" alt=\"Aravan_Labs\"><p class=\"descripcion-empresa\">Microbiological knowledge generation<br\/><span class=\"link-empresa\">aravanlabs.com.uy<\/span><\/p><\/div><\/div><\/a><div class=\"item background_5\"><a href=\"https:\/\/www.qfina.uy\/\" target=\"_blank\" class=\"link-empresa\" rel=\"noopener\"><div class=\"content-wrapper\"><img decoding=\"async\" src=\"https:\/\/pctp.org.uy\/web\/wp-content\/uploads\/2024\/10\/qfina_logo.svg\" alt=\"Fina\"><p class=\"descripcion-empresa\">Desarrolladora de procesos de s\u00edntesis y produce ingredientes farmac\u00e9uticos activos<br\/><span class=\"link-empresa\">qfina.uy<\/span><\/p><\/div><\/div><\/a><div class=\"item background_6\"><a href=\"https:\/\/www.siquimia.com\" target=\"_blank\" class=\"link-empresa\" rel=\"noopener\"><div class=\"content-wrapper\"><img decoding=\"async\" src=\"https:\/\/pctp.org.uy\/web\/wp-content\/uploads\/2024\/10\/siquimia_logo.svg\" alt=\"siquimia\"><p class=\"descripcion-empresa\">productos y servicios en el \u00e1rea de la qu\u00edmica org\u00e1nica sint\u00e9tica.<br\/><span class=\"link-empresa\">siquimia.com<\/span><\/p><\/div><\/div><\/a><div class=\"item background_1\"><a href=\"https:\/\/fic.com.uy\" target=\"_blank\" class=\"link-empresa\" rel=\"noopener\"><div class=\"content-wrapper\"><img decoding=\"async\" src=\"https:\/\/pctp.org.uy\/web\/wp-content\/uploads\/2024\/10\/logo6.png\" alt=\"FIC\"><p class=\"descripcion-empresa\">S\u00edntesis qu\u00edmica con innovaci\u00f3n en procesos y formulaci\u00f3n.<br\/><span class=\"link-empresa\">fic.com.uy<\/span><\/p><\/div><\/div><\/a><\/div>\n\t\t<\/div>\n\t<\/div>\n<\/div><\/div><\/div><\/div><\/div><script id=\"script-row-unique-1\" data-row=\"script-row-unique-1\" type=\"text\/javascript\" class=\"vc_controls\">UNCODE.initRow(document.getElementById(\"row-unique-1\"));<\/script><\/div><\/div><\/div><div data-parent=\"true\" class=\"vc_row content_seccion row-container\" id=\"row-unique-2\"><div class=\"row single-top-padding single-bottom-padding no-h-padding full-width row-parent\"><div class=\"wpb_row row-inner\"><div class=\"wpb_column pos-top pos-center align_left column_parent col-lg-12 single-internal-gutter\"><div class=\"uncol style-light\"  ><div class=\"uncoltable\"><div class=\"uncell\" ><div class=\"uncont no-block-padding col-custom-width\" style=\" max-width:75%;\" >\n\t<div class=\"wpb_raw_code wpb_raw_html\" >\n\t\t<div class=\"wpb_wrapper\">\n\t\t\t<div class=\"mapa\"><div id=\"mapsvg-20\" data-id=\"20\" class=\"mapsvg\" data-autoload=\"true\" data-load-db=\"true\" data-loading-text=\"...\" style=\"width: 100%; height: 0; padding-bottom: 72.57%\"><\/div><\/div>\n\t\t<\/div>\n\t<\/div>\n<div class=\"empty-space empty-single mobile-hidden\" ><span class=\"empty-space-inner\"><\/span><\/div>\n<\/div><\/div><\/div><\/div><\/div><script id=\"script-row-unique-2\" data-row=\"script-row-unique-2\" type=\"text\/javascript\" class=\"vc_controls\">UNCODE.initRow(document.getElementById(\"row-unique-2\"));<\/script><\/div><\/div><\/div>\n<\/div>","protected":false},"excerpt":{"rendered":"","protected":false},"author":1,"featured_media":390,"parent":0,"menu_order":0,"comment_status":"closed","ping_status":"closed","template":"","meta":{"_acf_changed":false,"inline_featured_image":false,"_monsterinsights_skip_tracking":false,"_monsterinsights_sitenote_active":false,"_monsterinsights_sitenote_note":"","_monsterinsights_sitenote_category":0,"footnotes":""},"class_list":["post-16","page","type-page","status-publish","has-post-thumbnail","hentry"],"acf":[],"_links":{"self":[{"href":"https:\/\/pctp.org.uy\/en\/wp-json\/wp\/v2\/pages\/16","targetHints":{"allow":["GET"]}}],"collection":[{"href":"https:\/\/pctp.org.uy\/en\/wp-json\/wp\/v2\/pages"}],"about":[{"href":"https:\/\/pctp.org.uy\/en\/wp-json\/wp\/v2\/types\/page"}],"author":[{"embeddable":true,"href":"https:\/\/pctp.org.uy\/en\/wp-json\/wp\/v2\/users\/1"}],"replies":[{"embeddable":true,"href":"https:\/\/pctp.org.uy\/en\/wp-json\/wp\/v2\/comments?post=16"}],"version-history":[{"count":0,"href":"https:\/\/pctp.org.uy\/en\/wp-json\/wp\/v2\/pages\/16\/revisions"}],"wp:featuredmedia":[{"embeddable":true,"href":"https:\/\/pctp.org.uy\/en\/wp-json\/wp\/v2\/media\/390"}],"wp:attachment":[{"href":"https:\/\/pctp.org.uy\/en\/wp-json\/wp\/v2\/media?parent=16"}],"curies":[{"name":"wp","href":"https:\/\/api.w.org\/{rel}","templated":true}]}}