{"id":60,"date":"2024-08-02T05:16:38","date_gmt":"2024-08-02T03:16:38","guid":{"rendered":"http:\/\/pctp.org.uy\/web\/?page_id=60"},"modified":"2025-09-17T11:55:50","modified_gmt":"2025-09-17T14:55:50","slug":"sobre","status":"publish","type":"page","link":"http:\/\/pctp.org.uy\/pt\/sobre\/","title":{"rendered":"Sobre"},"content":{"rendered":"<div class=\"wpb-content-wrapper\"><div data-parent=\"true\" class=\"vc_row row_block block_texto_simple row-container\" id=\"row-unique-0\"><div class=\"row double-top-padding double-bottom-padding single-h-padding limit-width row-parent\" data-minheight=\"250\"><div class=\"wpb_row row-inner\"><div class=\"wpb_column pos-middle pos-center align_left column_parent col-lg-12 single-internal-gutter\"><div class=\"uncol style-light\"  ><div class=\"uncoltable\"><div class=\"uncell\" ><div class=\"uncont no-block-padding col-custom-width\" style=\" max-width:75%;\" ><div class=\"uncode_text_column text-color-wvjs-color\" >O <strong> Parque de Ci\u00eancia e Tecnologia de Pando<\/strong> \u00e9 um espa\u00e7o \u00fanico no Uruguai dedicado a promover a inova\u00e7\u00e3o, a transfer\u00eancia de conhecimento e o desenvolvimento de projetos estrat\u00e9gicos que conectam a ci\u00eancia com o setor produtivo. Desde sua cria\u00e7\u00e3o, o Science Park tem trabalhado para se tornar um parceiro fundamental para empresas e organiza\u00e7\u00f5es que buscam desenvolver solu\u00e7\u00f5es tecnol\u00f3gicas com um impacto real na sociedade e no mercado.\r\n\r\n\n<\/div><\/div><\/div><\/div><\/div><\/div><script id=\"script-row-unique-0\" data-row=\"script-row-unique-0\" type=\"text\/javascript\" class=\"vc_controls\">UNCODE.initRow(document.getElementById(\"row-unique-0\"));<\/script><\/div><\/div><\/div><div data-parent=\"true\" class=\"vc_row row-container\" id=\"row-unique-1\"><div class=\"row no-top-padding no-bottom-padding no-h-padding full-width row-parent\"><div class=\"wpb_row row-inner\"><div class=\"wpb_column pos-top pos-center align_left column_parent col-lg-12 single-internal-gutter\"><div class=\"uncol style-light\"  ><div class=\"uncoltable\"><div class=\"uncell no-block-padding\" ><div class=\"uncont\" >\n\t<div class=\"wpb_raw_code wpb_raw_html\" >\n\t\t<div class=\"wpb_wrapper\">\n\t\t\t<div data-parent=\"true\" class=\"vc_row row_block style-color-gris1-bg row-container\" id=\"row-unique-2\"><div class=\"row unequal col-no-gutter no-top-padding no-bottom-padding no-h-padding full-width row-parent\" data-minheight=\"330\"><div class=\"wpb_row row-inner\"><div class=\"wpb_column pos-middle pos-center align_left column_parent col-lg-9 half-internal-gutter\"><div class=\"uncol style-dark\"  ><div class=\"uncoltable\"><div class=\"uncell single-block-padding\" ><div class=\"uncont\" style=\" max-width:75%;\" ><div class=\"vc_custom_heading_wrap typewriter\"><div class=\"heading-text el-text\" ><h2 class=\"h1 font-weight-400\" ><span>O QUE \u00c9 O PCTP?<\/span><\/h2><\/div><div class=\"clear\"><\/div><\/div><div class=\"uncode_text_column text-lead\" ><p>Somos o primeiro parque cient\u00edfico e tecnol\u00f3gico do Uruguai que trabalha para articular as necessidades e exig\u00eancias do setor empresarial com as possibilidades de pesquisa e desenvolvimento do Sistema Nacional de Inova\u00e7\u00e3o, principalmente do Polo Tecnol\u00f3gico de Pando.<\/p>\n<\/div>\n\t<div class=\"wpb_raw_code wpb_raw_html\" >\n\t\t<div class=\"wpb_wrapper\">\n\t\t\t<div class=\"arrow\"><div class=\"arrow_head\"><\/div><\/div>\n\n\t\t<\/div>\n\t<\/div>\n<\/div><\/div><\/div><\/div><a class=\"col-link custom-link\" href=\"https:\/\/pctp.org.uy\/pt\/sobre\/o-que-e-o-parque-cientifico\/\" target=\"_self\" title=\"VEJA MAIS\"><\/a><\/div><div class=\"wpb_column pos-top pos-center align_left column_parent col-lg-3 no-internal-gutter\"><div class=\"uncol style-light\"  ><div class=\"uncoltable\"><div class=\"uncell no-block-padding\" ><div class=\"uncont\" ><div class=\"uncode-single-media foto_recuadro text-center\"><div class=\"single-wrapper\" style=\"max-width: 100%;\"><div class=\"uncode-single-media-wrapper single-advanced\"><div class=\"tmb tmb-light tmb-overlay-text-anim tmb-overlay-text-left tmb-image-anim  tmb-img-ratio tmb-media-first tmb-media-last tmb-content-overlay tmb-no-bg\" ><div class=\"t-inside\" ><div class=\"t-entry-visual\"><div class=\"t-entry-visual-tc\"><div class=\"t-entry-visual-cont\"><div class=\"dummy\" style=\"padding-top: 100%;\"><\/div><a tabindex=\"-1\" href=\"#\" class=\"inactive-link pushed\"><div class=\"t-entry-visual-overlay\"><div class=\"t-entry-visual-overlay-in color-nhtu style-color-nhtu-bg\" style=\"opacity: 0.5;\"><\/div><\/div><img decoding=\"async\" class=\"wp-image-226\" src=\"https:\/\/pctp.org.uy\/web\/wp-content\/uploads\/2024\/08\/parque-entrada-uai-1000x1000.jpg\" width=\"1000\" height=\"1000\" alt=\"\" \/><\/a><\/div>\n\t\t\t\t\t<\/div>\n\t\t\t\t<\/div><\/div><\/div><\/div><\/div><\/div><\/div><\/div><\/div><\/div><\/div><script id=\"script-row-unique-2\" data-row=\"script-row-unique-2\" type=\"text\/javascript\" class=\"vc_controls\">UNCODE.initRow(document.getElementById(\"row-unique-2\"));<\/script><\/div><\/div><\/div><div data-parent=\"true\" class=\"vc_row row_block style-color-gris2-bg row-container\" id=\"row-unique-3\"><div class=\"row unequal col-no-gutter no-top-padding no-bottom-padding no-h-padding full-width row-parent\" data-minheight=\"330\"><div class=\"wpb_row row-inner\"><div class=\"wpb_column pos-middle pos-center align_left column_parent col-lg-9 half-internal-gutter\"><div class=\"uncol style-dark\"  ><div class=\"uncoltable\"><div class=\"uncell single-block-padding\" ><div class=\"uncont\" style=\" max-width:75%;\" ><div class=\"vc_custom_heading_wrap typewriter\"><div class=\"heading-text el-text\" ><h2 class=\"h1 font-weight-400\" ><span>INFRAESTRUTURA<\/span><\/h2><\/div><div class=\"clear\"><\/div><\/div><div class=\"uncode_text_column text-lead\" ><p>O Science Park possui uma infraestrutura predial moderna e vers\u00e1til, projetada para apoiar o desenvolvimento de projetos de inova\u00e7\u00e3o e tecnologia. Suas instala\u00e7\u00f5es incluem laborat\u00f3rios especializados e equipados, escrit\u00f3rios para empresas e espa\u00e7os colaborativos que incentivam o trabalho em equipe e a criatividade.<\/p>\n<\/div>\n\t<div class=\"wpb_raw_code wpb_raw_html\" >\n\t\t<div class=\"wpb_wrapper\">\n\t\t\t<div class=\"arrow\"><div class=\"arrow_head\"><\/div><\/div>\n\n\t\t<\/div>\n\t<\/div>\n<\/div><\/div><\/div><\/div><a class=\"col-link custom-link\" href=\"https:\/\/pctp.org.uy\/pt\/sobre\/infraestrutura\/\" target=\"_self\" title=\"VEJA MAIS\"><\/a><\/div><div class=\"wpb_column pos-top pos-center align_left column_parent col-lg-3 no-internal-gutter\"><div class=\"uncol style-light\"  ><div class=\"uncoltable\"><div class=\"uncell no-block-padding\" ><div class=\"uncont\" ><div class=\"uncode-single-media foto_recuadro text-center\"><div class=\"single-wrapper\" style=\"max-width: 100%;\"><div class=\"uncode-single-media-wrapper single-advanced\"><div class=\"tmb tmb-light tmb-overlay-text-anim tmb-overlay-text-left tmb-image-anim  tmb-img-ratio tmb-media-first tmb-media-last tmb-content-overlay tmb-no-bg\" ><div class=\"t-inside\" ><div class=\"t-entry-visual\"><div class=\"t-entry-visual-tc\"><div class=\"t-entry-visual-cont\"><div class=\"dummy\" style=\"padding-top: 100%;\"><\/div><a tabindex=\"-1\" href=\"#\" class=\"inactive-link pushed\"><div class=\"t-entry-visual-overlay\"><div class=\"t-entry-visual-overlay-in color-nhtu style-color-nhtu-bg\" style=\"opacity: 0.5;\"><\/div><\/div><img decoding=\"async\" class=\"wp-image-1446\" src=\"https:\/\/pctp.org.uy\/web\/wp-content\/uploads\/2024\/12\/infra-uai-667x667.jpg\" width=\"667\" height=\"667\" alt=\"\" \/><\/a><\/div>\n\t\t\t\t\t<\/div>\n\t\t\t\t<\/div><\/div><\/div><\/div><\/div><\/div><\/div><\/div><\/div><\/div><\/div><script id=\"script-row-unique-3\" data-row=\"script-row-unique-3\" type=\"text\/javascript\" class=\"vc_controls\">UNCODE.initRow(document.getElementById(\"row-unique-3\"));<\/script><\/div><\/div><\/div><div data-parent=\"true\" class=\"vc_row row_block style-color-gris3-bg row-container\" id=\"row-unique-4\"><div class=\"row unequal col-no-gutter no-top-padding no-bottom-padding no-h-padding full-width row-parent\" data-minheight=\"330\"><div class=\"wpb_row row-inner\"><div class=\"wpb_column pos-middle pos-center align_left column_parent col-lg-9 half-internal-gutter\"><div class=\"uncol style-light\"  ><div class=\"uncoltable\"><div class=\"uncell single-block-padding\" ><div class=\"uncont\" style=\" max-width:75%;\" ><div class=\"vc_custom_heading_wrap typewriter\"><div class=\"heading-text el-text\" ><h2 class=\"h1 font-weight-400\" ><span>PARCEIROS<\/span><\/h2><\/div><div class=\"clear\"><\/div><\/div><div class=\"uncode_text_column text-lead\" ><p>Nossos parceiros estrat\u00e9gicos s\u00e3o atores-chave que aprimoram a miss\u00e3o do Parque Cient\u00edfico e Tecnol\u00f3gico de Pando. Temos fortes alian\u00e7as que incluem universidades, institutos de pesquisa, ag\u00eancias governamentais e empresas privadas, trabalhando juntos para gerar um impacto positivo no ecossistema de desenvolvimento cient\u00edfico e tecnol\u00f3gico. <\/p>\n<\/div>\n\t<div class=\"wpb_raw_code wpb_raw_html\" >\n\t\t<div class=\"wpb_wrapper\">\n\t\t\t<div class=\"arrow\"><div class=\"arrow_head\"><\/div><\/div>\n\n\t\t<\/div>\n\t<\/div>\n<\/div><\/div><\/div><\/div><a class=\"col-link custom-link\" href=\"https:\/\/pctp.org.uy\/pt\/sobre\/socios\/\" target=\"_self\" title=\"VEJA MAIS\"><\/a><\/div><div class=\"wpb_column pos-top pos-center align_left column_parent col-lg-3 no-internal-gutter\"><div class=\"uncol style-light\"  ><div class=\"uncoltable\"><div class=\"uncell no-block-padding\" ><div class=\"uncont\" ><div class=\"uncode-single-media foto_recuadro text-center\"><div class=\"single-wrapper\" style=\"max-width: 100%;\"><div class=\"uncode-single-media-wrapper single-advanced\"><div class=\"tmb tmb-light tmb-overlay-text-anim tmb-overlay-text-left tmb-image-anim  tmb-img-ratio tmb-media-first tmb-media-last tmb-content-overlay tmb-no-bg\" ><div class=\"t-inside\" ><div class=\"t-entry-visual\"><div class=\"t-entry-visual-tc\"><div class=\"t-entry-visual-cont\"><div class=\"dummy\" style=\"padding-top: 100%;\"><\/div><a tabindex=\"-1\" href=\"#\" class=\"inactive-link pushed\"><div class=\"t-entry-visual-overlay\"><div class=\"t-entry-visual-overlay-in color-nhtu style-color-nhtu-bg\" style=\"opacity: 0.5;\"><\/div><\/div><img decoding=\"async\" class=\"wp-image-617\" src=\"https:\/\/pctp.org.uy\/web\/wp-content\/uploads\/2024\/10\/socios-bakcground-uai-1000x1000.jpg\" width=\"1000\" height=\"1000\" alt=\"\" \/><\/a><\/div>\n\t\t\t\t\t<\/div>\n\t\t\t\t<\/div><\/div><\/div><\/div><\/div><\/div><\/div><\/div><\/div><\/div><\/div><script id=\"script-row-unique-4\" data-row=\"script-row-unique-4\" type=\"text\/javascript\" class=\"vc_controls\">UNCODE.initRow(document.getElementById(\"row-unique-4\"));<\/script><\/div><\/div><\/div><div data-parent=\"true\" class=\"vc_row row_block style-color-gris1-bg row-container\" id=\"row-unique-5\"><div class=\"row unequal col-no-gutter no-top-padding no-bottom-padding no-h-padding full-width row-parent\" data-minheight=\"330\"><div class=\"wpb_row row-inner\"><div class=\"wpb_column pos-middle pos-center align_left column_parent col-lg-9 half-internal-gutter\"><div class=\"uncol style-dark\"  ><div class=\"uncoltable\"><div class=\"uncell single-block-padding\" ><div class=\"uncont\" style=\" max-width:75%;\" ><div class=\"vc_custom_heading_wrap typewriter\"><div class=\"heading-text el-text\" ><h2 class=\"h1 font-weight-400\" ><span>LLAMADOS<\/span><\/h2><\/div><div class=\"clear\"><\/div><\/div><div class=\"uncode_text_column text-lead\" ><p>Gostaria de fazer parte da equipe do Science Park? Estamos procurando pessoas que sejam apaixonadas por inova\u00e7\u00e3o, tecnologia e desenvolvimento cient\u00edfico.<\/p>\n<\/div>\n\t<div class=\"wpb_raw_code wpb_raw_html\" >\n\t\t<div class=\"wpb_wrapper\">\n\t\t\t<div class=\"arrow\"><div class=\"arrow_head\"><\/div><\/div>\n\n\t\t<\/div>\n\t<\/div>\n<\/div><\/div><\/div><\/div><a class=\"col-link custom-link\" href=\"https:\/\/pctp.org.uy\/pt\/sobre\/llamados\/\" target=\"_self\" title=\"VEJA MAIS\"><\/a><\/div><div class=\"wpb_column pos-top pos-center align_left column_parent col-lg-3 no-internal-gutter\"><div class=\"uncol style-light\"  ><div class=\"uncoltable\"><div class=\"uncell no-block-padding\" ><div class=\"uncont\" ><div class=\"uncode-single-media foto_recuadro text-center\"><div class=\"single-wrapper\" style=\"max-width: 100%;\"><div class=\"uncode-single-media-wrapper single-advanced\"><div class=\"tmb tmb-light tmb-overlay-text-anim tmb-overlay-text-left tmb-image-anim  tmb-img-ratio tmb-media-first tmb-media-last tmb-content-overlay tmb-no-bg\" ><div class=\"t-inside\" ><div class=\"t-entry-visual\"><div class=\"t-entry-visual-tc\"><div class=\"t-entry-visual-cont\"><div class=\"dummy\" style=\"padding-top: 100%;\"><\/div><a tabindex=\"-1\" href=\"#\" class=\"inactive-link pushed\"><div class=\"t-entry-visual-overlay\"><div class=\"t-entry-visual-overlay-in color-nhtu style-color-nhtu-bg\" style=\"opacity: 0.5;\"><\/div><\/div><img decoding=\"async\" class=\"wp-image-619\" src=\"https:\/\/pctp.org.uy\/web\/wp-content\/uploads\/2024\/10\/trabaja-background-uai-1000x1000.jpg\" width=\"1000\" height=\"1000\" alt=\"\" \/><\/a><\/div>\n\t\t\t\t\t<\/div>\n\t\t\t\t<\/div><\/div><\/div><\/div><\/div><\/div><\/div><\/div><\/div><\/div><\/div><script id=\"script-row-unique-5\" data-row=\"script-row-unique-5\" type=\"text\/javascript\" class=\"vc_controls\">UNCODE.initRow(document.getElementById(\"row-unique-5\"));<\/script><\/div><\/div><\/div>\n\t\t<\/div>\n\t<\/div>\n<\/div><\/div><\/div><\/div><\/div><script id=\"script-row-unique-1\" data-row=\"script-row-unique-1\" type=\"text\/javascript\" class=\"vc_controls\">UNCODE.initRow(document.getElementById(\"row-unique-1\"));<\/script><\/div><\/div><\/div>\n<\/div>","protected":false},"excerpt":{"rendered":"O Parque Cient\u00edfico e Tecnol\u00f3gico de Pando \u00e9 um espa\u00e7o \u00fanico no Uruguai dedicado a promover a inova\u00e7\u00e3o, a transfer\u00eancia de conhecimento e [...]","protected":false},"author":3,"featured_media":876,"parent":0,"menu_order":0,"comment_status":"closed","ping_status":"closed","template":"","meta":{"_acf_changed":false,"inline_featured_image":false,"_monsterinsights_skip_tracking":false,"_monsterinsights_sitenote_active":false,"_monsterinsights_sitenote_note":"","_monsterinsights_sitenote_category":0,"footnotes":""},"class_list":["post-60","page","type-page","status-publish","has-post-thumbnail","hentry"],"acf":[],"_links":{"self":[{"href":"http:\/\/pctp.org.uy\/pt\/wp-json\/wp\/v2\/pages\/60","targetHints":{"allow":["GET"]}}],"collection":[{"href":"http:\/\/pctp.org.uy\/pt\/wp-json\/wp\/v2\/pages"}],"about":[{"href":"http:\/\/pctp.org.uy\/pt\/wp-json\/wp\/v2\/types\/page"}],"author":[{"embeddable":true,"href":"http:\/\/pctp.org.uy\/pt\/wp-json\/wp\/v2\/users\/3"}],"replies":[{"embeddable":true,"href":"http:\/\/pctp.org.uy\/pt\/wp-json\/wp\/v2\/comments?post=60"}],"version-history":[{"count":1,"href":"http:\/\/pctp.org.uy\/pt\/wp-json\/wp\/v2\/pages\/60\/revisions"}],"predecessor-version":[{"id":2225,"href":"http:\/\/pctp.org.uy\/pt\/wp-json\/wp\/v2\/pages\/60\/revisions\/2225"}],"wp:featuredmedia":[{"embeddable":true,"href":"http:\/\/pctp.org.uy\/pt\/wp-json\/wp\/v2\/media\/876"}],"wp:attachment":[{"href":"http:\/\/pctp.org.uy\/pt\/wp-json\/wp\/v2\/media?parent=60"}],"curies":[{"name":"wp","href":"https:\/\/api.w.org\/{rel}","templated":true}]}}